{"id":18015,"date":"2025-09-01T13:00:45","date_gmt":"2025-09-01T13:00:45","guid":{"rendered":"https:\/\/loja.saframax.com\/?page_id=18015"},"modified":"2025-11-27T13:44:58","modified_gmt":"2025-11-27T13:44:58","slug":"saframix-bc400l","status":"publish","type":"page","link":"https:\/\/loja.saframax.com\/?page_id=18015","title":{"rendered":"Saframix BC400L"},"content":{"rendered":"\t\t<div data-elementor-type=\"wp-page\" data-elementor-id=\"18015\" class=\"elementor elementor-18015\" data-elementor-post-type=\"page\">\n\t\t\t\t<div class=\"elementor-element elementor-element-db20310 thegem-e-con-layout-thegem e-flex e-con-boxed e-con e-parent\" data-id=\"db20310\" data-element_type=\"container\" data-settings=\"{&quot;background_background&quot;:&quot;classic&quot;,&quot;thegem_container_layout&quot;:&quot;thegem&quot;}\">\r\n\t\t\t\t\t<div class=\"e-con-inner\">\r\n\t\t<div class=\"elementor-element elementor-element-4d11fd1 e-con-full thegem-e-con-layout-thegem e-flex e-con e-child\" data-id=\"4d11fd1\" data-element_type=\"container\" data-settings=\"{&quot;thegem_container_layout&quot;:&quot;thegem&quot;}\">\r\n\t\t<div class=\"elementor-element elementor-element-3c9ebad e-con-full thegem-e-con-layout-thegem e-flex e-con e-child\" data-id=\"3c9ebad\" data-element_type=\"container\" data-settings=\"{&quot;thegem_container_layout&quot;:&quot;thegem&quot;}\">\r\n\t\t\t\t<div class=\"elementor-element elementor-element-f598cd2 flex-horizontal-align-default flex-horizontal-align-tablet-default flex-horizontal-align-mobile-default flex-vertical-align-default flex-vertical-align-tablet-default flex-vertical-align-mobile-default elementor-widget elementor-widget-spacer\" data-id=\"f598cd2\" data-element_type=\"widget\" data-widget_type=\"spacer.default\">\n\t\t\t\t<div class=\"elementor-widget-container\">\n\t\t\t\t\t\t\t<div class=\"elementor-spacer\">\n\t\t\t<div class=\"elementor-spacer-inner\"><\/div>\n\t\t<\/div>\n\t\t\t\t\t\t<\/div>\n\t\t\t\t<\/div>\n\t\t\t\t<div class=\"elementor-element elementor-element-c83d697 flex-horizontal-align-default flex-horizontal-align-tablet-default flex-horizontal-align-mobile-default flex-vertical-align-default flex-vertical-align-tablet-default flex-vertical-align-mobile-default elementor-widget elementor-widget-heading\" data-id=\"c83d697\" data-element_type=\"widget\" data-widget_type=\"heading.default\">\n\t\t\t\t<div class=\"elementor-widget-container\">\n\t\t\t\t\t<h2 class=\"elementor-heading-title elementor-size-default\">Misturador de calda<\/h2>\t\t\t\t<\/div>\n\t\t\t\t<\/div>\n\t\t\t\t<div class=\"elementor-element elementor-element-8ff77e9 flex-horizontal-align-default flex-horizontal-align-tablet-default flex-horizontal-align-mobile-default flex-vertical-align-default flex-vertical-align-tablet-default flex-vertical-align-mobile-default elementor-widget elementor-widget-thegem-template-post-title\" data-id=\"8ff77e9\" data-element_type=\"widget\" data-widget_type=\"thegem-template-post-title.default\">\n\t\t\t\t<div class=\"elementor-widget-container\">\n\t\t\t\t\t<div class=\"thegem-te-post-title\"> <h1 class=\"post-title \"> <span>Saframix BC400L<\/span> <\/h1> <\/div>\t\t\t\t<\/div>\n\t\t\t\t<\/div>\n\t\t\t\t<\/div>\n\t\t<div class=\"elementor-element elementor-element-5e75a81 e-con-full thegem-e-con-layout-thegem e-flex e-con e-child\" data-id=\"5e75a81\" data-element_type=\"container\" data-settings=\"{&quot;background_background&quot;:&quot;classic&quot;,&quot;thegem_container_layout&quot;:&quot;thegem&quot;}\">\r\n\t\t\t\t<div class=\"elementor-element elementor-element-aefc38d flex-horizontal-align-default flex-horizontal-align-tablet-default flex-horizontal-align-mobile-default flex-vertical-align-default flex-vertical-align-tablet-default flex-vertical-align-mobile-default elementor-widget elementor-widget-image\" data-id=\"aefc38d\" data-element_type=\"widget\" data-widget_type=\"image.default\">\n\t\t\t\t<div class=\"elementor-widget-container\">\n\t\t\t\t\t\t\t\t\t\t\t\t\t\t\t<img fetchpriority=\"high\" width=\"1505\" height=\"993\" src=\"https:\/\/loja.saframax.com\/wp-content\/uploads\/2025\/09\/bc400.0.png\" class=\"attachment-full size-full wp-image-18020\" alt=\"\" srcset=\"https:\/\/loja.saframax.com\/wp-content\/uploads\/2025\/09\/bc400.0.png 1505w, https:\/\/loja.saframax.com\/wp-content\/uploads\/2025\/09\/bc400.0-300x198.png 300w, https:\/\/loja.saframax.com\/wp-content\/uploads\/2025\/09\/bc400.0-1024x676.png 1024w, https:\/\/loja.saframax.com\/wp-content\/uploads\/2025\/09\/bc400.0-768x507.png 768w\" sizes=\"(max-width: 1505px) 100vw, 1505px\" \/>\t\t\t\t\t\t\t\t\t\t\t\t\t\t\t<\/div>\n\t\t\t\t<\/div>\n\t\t\t\t<\/div>\n\t\t\t\t<\/div>\n\t\t\t\t\t<\/div>\n\t\t\t\t<\/div>\n\t\t<div class=\"elementor-element elementor-element-2df57d7 thegem-e-con-layout-thegem e-flex e-con-boxed e-con e-parent\" data-id=\"2df57d7\" data-element_type=\"container\" data-settings=\"{&quot;thegem_container_layout&quot;:&quot;thegem&quot;}\">\r\n\t\t\t\t\t<div class=\"e-con-inner\">\r\n\t\t<div class=\"elementor-element elementor-element-a6c949e e-con-full thegem-e-con-layout-thegem e-flex e-con e-child\" data-id=\"a6c949e\" data-element_type=\"container\" data-settings=\"{&quot;thegem_container_layout&quot;:&quot;thegem&quot;}\">\r\n\t\t\t\t<div class=\"elementor-element elementor-element-47a2a93 flex-horizontal-align-default flex-horizontal-align-tablet-default flex-horizontal-align-mobile-default flex-vertical-align-default flex-vertical-align-tablet-default flex-vertical-align-mobile-default elementor-widget elementor-widget-spacer\" data-id=\"47a2a93\" data-element_type=\"widget\" data-widget_type=\"spacer.default\">\n\t\t\t\t<div class=\"elementor-widget-container\">\n\t\t\t\t\t\t\t<div class=\"elementor-spacer\">\n\t\t\t<div class=\"elementor-spacer-inner\"><\/div>\n\t\t<\/div>\n\t\t\t\t\t\t<\/div>\n\t\t\t\t<\/div>\n\t\t\t\t<div class=\"elementor-element elementor-element-a807089 flex-horizontal-align-default flex-horizontal-align-tablet-default flex-horizontal-align-mobile-default flex-vertical-align-default flex-vertical-align-tablet-default flex-vertical-align-mobile-default elementor-widget elementor-widget-heading\" data-id=\"a807089\" data-element_type=\"widget\" data-widget_type=\"heading.default\">\n\t\t\t\t<div class=\"elementor-widget-container\">\n\t\t\t\t\t<h3 class=\"elementor-heading-title elementor-size-default\">DESTAQUES<\/h3>\t\t\t\t<\/div>\n\t\t\t\t<\/div>\n\t\t\t\t<div class=\"elementor-element elementor-element-3f22a83 flex-horizontal-align-default flex-horizontal-align-tablet-default flex-horizontal-align-mobile-default flex-vertical-align-default flex-vertical-align-tablet-default flex-vertical-align-mobile-default elementor-widget elementor-widget-text-editor\" data-id=\"3f22a83\" data-element_type=\"widget\" data-widget_type=\"text-editor.default\">\n\t\t\t\t<div class=\"elementor-widget-container\">\n\t\t\t\t\t\t\t\t\t\t\t\t<div class=\"elementor-text-editor elementor-clearfix\">\r\n\t\t\t\t\t\t<p><span style=\"font-weight: 400;\">Abastecimento r\u00e1pido: vaz\u00e3o de 45 a 60 L\/min.<\/span><\/p><p><span style=\"font-weight: 400;\">Agita\u00e7\u00e3o mec\u00e2nica com h\u00e9lice.<\/span><\/p><p><span style=\"font-weight: 400;\">Filtros de entrada e sa\u00edda de alta vaz\u00e3o.<\/span><\/p><p><span style=\"font-weight: 400;\">Lava frascos articulado.<\/span><\/p><p><span style=\"font-weight: 400;\">Entrada para reabastecimento r\u00e1pido.<\/span><\/p><p><span style=\"font-weight: 400;\">Possui mangueira de esguicho para limpeza.<\/span><\/p><h2 style=\"text-align: center;\">Especifica\u00e7\u00f5es<\/h2><p><span style=\"font-weight: 400;\">Motobomba com voluta e rotor em inox<\/span><\/p><p><span style=\"font-weight: 400;\">Tens\u00e3o: 220V~<\/span><\/p><p><span style=\"font-weight: 400;\">Frequ\u00eancia: 60 Hz<\/span><\/p><p><span style=\"font-weight: 400;\">Pot\u00eancia: 0,37 kW \/ Pot\u00eancia MEC: 0,5 hp<\/span><\/p><p><span style=\"font-weight: 400;\">Peso: 74 kg<\/span><\/p><p><span style=\"font-weight: 400;\">Capacidade do tanque: 400 Litros<\/span><\/p><p><span style=\"font-weight: 400;\">Dimens\u00f5es: 95 cm (C) x 87 cm (L)\u00a0 x\u00a0 114 cm (A)<\/span><\/p>\t\t\t\t\t\t\t<\/div>\r\n\t\t\t\t\t\t\t\t\t\t<\/div>\n\t\t\t\t<\/div>\n\t\t\t\t<div class=\"elementor-element elementor-element-21e785e flex-horizontal-align-default flex-horizontal-align-tablet-default flex-horizontal-align-mobile-default flex-vertical-align-default flex-vertical-align-tablet-default flex-vertical-align-mobile-default elementor-widget elementor-widget-heading\" data-id=\"21e785e\" data-element_type=\"widget\" data-widget_type=\"heading.default\">\n\t\t\t\t<div class=\"elementor-widget-container\">\n\t\t\t\t\t<h3 class=\"elementor-heading-title elementor-size-default\">Sistema de\nProte\u00e7\u00e3o exclusivo:\n<\/h3>\t\t\t\t<\/div>\n\t\t\t\t<\/div>\n\t\t\t\t<div class=\"elementor-element elementor-element-4048800 flex-horizontal-align-default flex-horizontal-align-tablet-default flex-horizontal-align-mobile-default flex-vertical-align-default flex-vertical-align-tablet-default flex-vertical-align-mobile-default elementor-widget elementor-widget-text-editor\" data-id=\"4048800\" data-element_type=\"widget\" data-widget_type=\"text-editor.default\">\n\t\t\t\t<div class=\"elementor-widget-container\">\n\t\t\t\t\t\t\t\t\t\t\t\t<div class=\"elementor-text-editor elementor-clearfix\">\r\n\t\t\t\t\t\t<p><span style=\"font-weight: 400;\">Protege a bomba de trabalhar a seco e o gerador contra curto-circuito ou travamento do motor.<\/span><\/p>\t\t\t\t\t\t\t<\/div>\r\n\t\t\t\t\t\t\t\t\t\t<\/div>\n\t\t\t\t<\/div>\n\t\t\t\t<div class=\"elementor-element elementor-element-facc193 flex-horizontal-align-default flex-horizontal-align-tablet-default flex-horizontal-align-mobile-default flex-vertical-align-default flex-vertical-align-tablet-default flex-vertical-align-mobile-default elementor-widget elementor-widget-spacer\" data-id=\"facc193\" data-element_type=\"widget\" data-widget_type=\"spacer.default\">\n\t\t\t\t<div class=\"elementor-widget-container\">\n\t\t\t\t\t\t\t<div class=\"elementor-spacer\">\n\t\t\t<div class=\"elementor-spacer-inner\"><\/div>\n\t\t<\/div>\n\t\t\t\t\t\t<\/div>\n\t\t\t\t<\/div>\n\t\t\t\t<div class=\"elementor-element elementor-element-491dc9e flex-horizontal-align-default flex-horizontal-align-tablet-default flex-horizontal-align-mobile-default flex-vertical-align-default flex-vertical-align-tablet-default flex-vertical-align-mobile-default elementor-widget elementor-widget-heading\" data-id=\"491dc9e\" data-element_type=\"widget\" data-widget_type=\"heading.default\">\n\t\t\t\t<div class=\"elementor-widget-container\">\n\t\t\t\t\t<h2 class=\"elementor-heading-title elementor-size-default\">Imagens<\/h2>\t\t\t\t<\/div>\n\t\t\t\t<\/div>\n\t\t\t\t<div class=\"elementor-element elementor-element-0d841b7 flex-horizontal-align-default flex-horizontal-align-tablet-default flex-horizontal-align-mobile-default flex-vertical-align-default flex-vertical-align-tablet-default flex-vertical-align-mobile-default elementor-widget elementor-widget-spacer\" data-id=\"0d841b7\" data-element_type=\"widget\" data-widget_type=\"spacer.default\">\n\t\t\t\t<div class=\"elementor-widget-container\">\n\t\t\t\t\t\t\t<div class=\"elementor-spacer\">\n\t\t\t<div class=\"elementor-spacer-inner\"><\/div>\n\t\t<\/div>\n\t\t\t\t\t\t<\/div>\n\t\t\t\t<\/div>\n\t\t\t\t<div class=\"elementor-element elementor-element-f819a42 flex-horizontal-align-default flex-horizontal-align-tablet-default flex-horizontal-align-mobile-default flex-vertical-align-default flex-vertical-align-tablet-default flex-vertical-align-mobile-default elementor-widget elementor-widget-image-gallery\" data-id=\"f819a42\" data-element_type=\"widget\" data-widget_type=\"image-gallery.default\">\n\t\t\t\t<div class=\"elementor-widget-container\">\n\t\t\t\t\t\t\t<div class=\"elementor-image-gallery\">\n\t\t\t<div id='gallery-1' class='gallery galleryid-18015 gallery-columns-3 gallery-size-full'><figure class='gallery-item'>\n\t\t\t<div class='gallery-icon landscape'>\n\t\t\t\t<a data-elementor-open-lightbox=\"yes\" data-elementor-lightbox-slideshow=\"f819a42\" data-elementor-lightbox-title=\"bc400.1\" data-e-action-hash=\"#elementor-action%3Aaction%3Dlightbox%26settings%3DeyJpZCI6MTgwMjMsInVybCI6Imh0dHBzOlwvXC9sb2phLnNhZnJhbWF4LmNvbVwvd3AtY29udGVudFwvdXBsb2Fkc1wvMjAyNVwvMDlcL2JjNDAwLjEtMS5qcGciLCJzbGlkZXNob3ciOiJmODE5YTQyIn0%3D\" href='https:\/\/loja.saframax.com\/wp-content\/uploads\/2025\/09\/bc400.1-1.jpg'><img width=\"1505\" height=\"993\" data-src=\"https:\/\/loja.saframax.com\/wp-content\/uploads\/2025\/09\/bc400.1-1.jpg\" class=\"attachment-full size-full lazyload\" alt=\"\" data-srcset=\"https:\/\/loja.saframax.com\/wp-content\/uploads\/2025\/09\/bc400.1-1.jpg 1505w, https:\/\/loja.saframax.com\/wp-content\/uploads\/2025\/09\/bc400.1-1-300x198.jpg 300w, https:\/\/loja.saframax.com\/wp-content\/uploads\/2025\/09\/bc400.1-1-1024x676.jpg 1024w, https:\/\/loja.saframax.com\/wp-content\/uploads\/2025\/09\/bc400.1-1-768x507.jpg 768w\" data-sizes=\"(max-width: 1505px) 100vw, 1505px\" src=\"data:image\/svg+xml;base64,PHN2ZyB3aWR0aD0iMSIgaGVpZ2h0PSIxIiB4bWxucz0iaHR0cDovL3d3dy53My5vcmcvMjAwMC9zdmciPjwvc3ZnPg==\" style=\"--smush-placeholder-width: 1505px; --smush-placeholder-aspect-ratio: 1505\/993;\" \/><\/a>\n\t\t\t<\/div><\/figure><figure class='gallery-item'>\n\t\t\t<div class='gallery-icon landscape'>\n\t\t\t\t<a data-elementor-open-lightbox=\"yes\" data-elementor-lightbox-slideshow=\"f819a42\" data-elementor-lightbox-title=\"bc400.3\" data-e-action-hash=\"#elementor-action%3Aaction%3Dlightbox%26settings%3DeyJpZCI6MTgwMjEsInVybCI6Imh0dHBzOlwvXC9sb2phLnNhZnJhbWF4LmNvbVwvd3AtY29udGVudFwvdXBsb2Fkc1wvMjAyNVwvMDlcL2JjNDAwLjMtMS5qcGciLCJzbGlkZXNob3ciOiJmODE5YTQyIn0%3D\" href='https:\/\/loja.saframax.com\/wp-content\/uploads\/2025\/09\/bc400.3-1.jpg'><img width=\"1505\" height=\"993\" data-src=\"https:\/\/loja.saframax.com\/wp-content\/uploads\/2025\/09\/bc400.3-1.jpg\" class=\"attachment-full size-full lazyload\" alt=\"\" data-srcset=\"https:\/\/loja.saframax.com\/wp-content\/uploads\/2025\/09\/bc400.3-1.jpg 1505w, https:\/\/loja.saframax.com\/wp-content\/uploads\/2025\/09\/bc400.3-1-300x198.jpg 300w, https:\/\/loja.saframax.com\/wp-content\/uploads\/2025\/09\/bc400.3-1-1024x676.jpg 1024w, https:\/\/loja.saframax.com\/wp-content\/uploads\/2025\/09\/bc400.3-1-768x507.jpg 768w\" data-sizes=\"(max-width: 1505px) 100vw, 1505px\" src=\"data:image\/svg+xml;base64,PHN2ZyB3aWR0aD0iMSIgaGVpZ2h0PSIxIiB4bWxucz0iaHR0cDovL3d3dy53My5vcmcvMjAwMC9zdmciPjwvc3ZnPg==\" style=\"--smush-placeholder-width: 1505px; --smush-placeholder-aspect-ratio: 1505\/993;\" \/><\/a>\n\t\t\t<\/div><\/figure><figure class='gallery-item'>\n\t\t\t<div class='gallery-icon landscape'>\n\t\t\t\t<a data-elementor-open-lightbox=\"yes\" data-elementor-lightbox-slideshow=\"f819a42\" data-elementor-lightbox-title=\"bc400.2\" data-e-action-hash=\"#elementor-action%3Aaction%3Dlightbox%26settings%3DeyJpZCI6MTgwMjIsInVybCI6Imh0dHBzOlwvXC9sb2phLnNhZnJhbWF4LmNvbVwvd3AtY29udGVudFwvdXBsb2Fkc1wvMjAyNVwvMDlcL2JjNDAwLjItMS5qcGciLCJzbGlkZXNob3ciOiJmODE5YTQyIn0%3D\" href='https:\/\/loja.saframax.com\/wp-content\/uploads\/2025\/09\/bc400.2-1.jpg'><img width=\"1505\" height=\"993\" data-src=\"https:\/\/loja.saframax.com\/wp-content\/uploads\/2025\/09\/bc400.2-1.jpg\" class=\"attachment-full size-full lazyload\" alt=\"\" data-srcset=\"https:\/\/loja.saframax.com\/wp-content\/uploads\/2025\/09\/bc400.2-1.jpg 1505w, https:\/\/loja.saframax.com\/wp-content\/uploads\/2025\/09\/bc400.2-1-300x198.jpg 300w, https:\/\/loja.saframax.com\/wp-content\/uploads\/2025\/09\/bc400.2-1-1024x676.jpg 1024w, https:\/\/loja.saframax.com\/wp-content\/uploads\/2025\/09\/bc400.2-1-768x507.jpg 768w\" data-sizes=\"(max-width: 1505px) 100vw, 1505px\" src=\"data:image\/svg+xml;base64,PHN2ZyB3aWR0aD0iMSIgaGVpZ2h0PSIxIiB4bWxucz0iaHR0cDovL3d3dy53My5vcmcvMjAwMC9zdmciPjwvc3ZnPg==\" style=\"--smush-placeholder-width: 1505px; --smush-placeholder-aspect-ratio: 1505\/993;\" \/><\/a>\n\t\t\t<\/div><\/figure>\n\t\t<\/div>\n\t\t<\/div>\n\t\t\t\t\t\t<\/div>\n\t\t\t\t<\/div>\n\t\t\t\t<div class=\"elementor-element elementor-element-5dc06a0 flex-horizontal-align-default flex-horizontal-align-tablet-default flex-horizontal-align-mobile-default flex-vertical-align-default flex-vertical-align-tablet-default flex-vertical-align-mobile-default elementor-widget elementor-widget-spacer\" data-id=\"5dc06a0\" data-element_type=\"widget\" data-widget_type=\"spacer.default\">\n\t\t\t\t<div class=\"elementor-widget-container\">\n\t\t\t\t\t\t\t<div class=\"elementor-spacer\">\n\t\t\t<div class=\"elementor-spacer-inner\"><\/div>\n\t\t<\/div>\n\t\t\t\t\t\t<\/div>\n\t\t\t\t<\/div>\n\t\t\t\t<\/div>\n\t\t\t\t\t<\/div>\n\t\t\t\t<\/div>\n\t\t\t\t<\/div>\n\t\t","protected":false},"excerpt":{"rendered":"<p>Misturador de calda Saframix BC400L DESTAQUES Abastecimento r\u00e1pido: vaz\u00e3o de 45 a 60 L\/min. Agita\u00e7\u00e3o mec\u00e2nica com h\u00e9lice. Filtros de&#8230;<\/p>\n","protected":false},"author":1,"featured_media":0,"parent":0,"menu_order":-1,"comment_status":"closed","ping_status":"closed","template":"page-fullwidth.php","meta":{"footnotes":""},"class_list":["post-18015","page","type-page","status-publish"],"_links":{"self":[{"href":"https:\/\/loja.saframax.com\/index.php?rest_route=\/wp\/v2\/pages\/18015","targetHints":{"allow":["GET"]}}],"collection":[{"href":"https:\/\/loja.saframax.com\/index.php?rest_route=\/wp\/v2\/pages"}],"about":[{"href":"https:\/\/loja.saframax.com\/index.php?rest_route=\/wp\/v2\/types\/page"}],"author":[{"embeddable":true,"href":"https:\/\/loja.saframax.com\/index.php?rest_route=\/wp\/v2\/users\/1"}],"replies":[{"embeddable":true,"href":"https:\/\/loja.saframax.com\/index.php?rest_route=%2Fwp%2Fv2%2Fcomments&post=18015"}],"version-history":[{"count":16,"href":"https:\/\/loja.saframax.com\/index.php?rest_route=\/wp\/v2\/pages\/18015\/revisions"}],"predecessor-version":[{"id":18252,"href":"https:\/\/loja.saframax.com\/index.php?rest_route=\/wp\/v2\/pages\/18015\/revisions\/18252"}],"wp:attachment":[{"href":"https:\/\/loja.saframax.com\/index.php?rest_route=%2Fwp%2Fv2%2Fmedia&parent=18015"}],"curies":[{"name":"wp","href":"https:\/\/api.w.org\/{rel}","templated":true}]}}