{"id":17342,"date":"2025-07-24T14:28:27","date_gmt":"2025-07-24T14:28:27","guid":{"rendered":"https:\/\/loja.saframax.com\/?page_id=17342"},"modified":"2025-08-04T14:20:20","modified_gmt":"2025-08-04T14:20:20","slug":"assistencia-tecnica","status":"publish","type":"page","link":"https:\/\/loja.saframax.com\/?page_id=17342","title":{"rendered":"Assistencia tecnica"},"content":{"rendered":"\t\t<div data-elementor-type=\"wp-page\" data-elementor-id=\"17342\" class=\"elementor elementor-17342\" data-elementor-post-type=\"page\">\n\t\t\t\t\t\t<section class=\"elementor-section elementor-top-section elementor-element elementor-element-1a4231c1 elementor-section-boxed elementor-section-height-default elementor-section-height-default\" data-id=\"1a4231c1\" data-element_type=\"section\" data-settings=\"{&quot;background_background&quot;:&quot;classic&quot;}\">\r\n\t\t\t\t\t\t\t<div class=\"elementor-background-overlay\"><\/div>\r\n\t\t\t\t\t\t\t<div class=\"elementor-container elementor-column-gap-thegem\"><div class=\"elementor-row\">\r\n\t\t\t\t\t<div class=\"elementor-column elementor-col-100 elementor-top-column elementor-element elementor-element-538e69a4\" data-id=\"538e69a4\" data-element_type=\"column\">\n\t\t\t<div class=\"elementor-widget-wrap elementor-element-populated\">\n\t\t\t\t\t\t<section class=\"elementor-section elementor-inner-section elementor-element elementor-element-6ed4aa9f elementor-section-full_width elementor-section-height-default elementor-section-height-default\" data-id=\"6ed4aa9f\" data-element_type=\"section\">\r\n\t\t\t\t\t\t<div class=\"elementor-container elementor-column-gap-no\"><div class=\"elementor-row\">\r\n\t\t\t\t\t<div class=\"elementor-column elementor-col-100 elementor-inner-column elementor-element elementor-element-2baf693\" data-id=\"2baf693\" data-element_type=\"column\">\n\t\t\t<div class=\"elementor-widget-wrap\">\n\t\t\t\t\t\t\t<\/div>\n\t\t<\/div>\n\t\t\t\t\t<\/div><\/div>\r\n\t\t<\/section>\r\n\t\t\t\t<div class=\"elementor-element elementor-element-30358320 elementor-widget__width-auto flex-horizontal-align-default flex-horizontal-align-tablet-default flex-horizontal-align-mobile-default flex-vertical-align-default flex-vertical-align-tablet-default flex-vertical-align-mobile-default elementor-widget elementor-widget-heading\" data-id=\"30358320\" data-element_type=\"widget\" data-widget_type=\"heading.default\">\n\t\t\t\t<div class=\"elementor-widget-container\">\n\t\t\t\t\t<div class=\"title-xlarge elementor-heading-title elementor-size-default\">Assist\u00eancia<\/div>\t\t\t\t<\/div>\n\t\t\t\t<\/div>\n\t\t\t\t<div class=\"elementor-element elementor-element-8420a07 flex-horizontal-align-default flex-horizontal-align-tablet-default flex-horizontal-align-mobile-default flex-vertical-align-default flex-vertical-align-tablet-default flex-vertical-align-mobile-default elementor-widget elementor-widget-heading\" data-id=\"8420a07\" data-element_type=\"widget\" data-widget_type=\"heading.default\">\n\t\t\t\t<div class=\"elementor-widget-container\">\n\t\t\t\t\t<div class=\"title-xlarge elementor-heading-title elementor-size-default\">T\u00e9cnica<\/div>\t\t\t\t<\/div>\n\t\t\t\t<\/div>\n\t\t\t\t\t<\/div>\n\t\t<\/div>\n\t\t\t\t\t<\/div><\/div>\r\n\t\t<\/section>\r\n\t\t<div class=\"elementor-element elementor-element-d844e13 thegem-e-con-layout-thegem e-flex e-con-boxed e-con e-parent\" data-id=\"d844e13\" data-element_type=\"container\" data-settings=\"{&quot;thegem_container_layout&quot;:&quot;thegem&quot;}\">\r\n\t\t\t\t\t<div class=\"e-con-inner\">\r\n\t\t\t\t<div class=\"elementor-element elementor-element-c463566 flex-horizontal-align-default flex-horizontal-align-tablet-default flex-horizontal-align-mobile-default flex-vertical-align-default flex-vertical-align-tablet-default flex-vertical-align-mobile-default elementor-widget elementor-widget-spacer\" data-id=\"c463566\" data-element_type=\"widget\" data-widget_type=\"spacer.default\">\n\t\t\t\t<div class=\"elementor-widget-container\">\n\t\t\t\t\t\t\t<div class=\"elementor-spacer\">\n\t\t\t<div class=\"elementor-spacer-inner\"><\/div>\n\t\t<\/div>\n\t\t\t\t\t\t<\/div>\n\t\t\t\t<\/div>\n\t\t\t\t<div class=\"elementor-element elementor-element-06c6250 flex-horizontal-align-default flex-horizontal-align-tablet-default flex-horizontal-align-mobile-default flex-vertical-align-default flex-vertical-align-tablet-default flex-vertical-align-mobile-default elementor-widget elementor-widget-text-editor\" data-id=\"06c6250\" data-element_type=\"widget\" data-widget_type=\"text-editor.default\">\n\t\t\t\t<div class=\"elementor-widget-container\">\n\t\t\t\t\t\t\t\t\t\t\t\t<div class=\"elementor-text-editor elementor-clearfix\">\r\n\t\t\t\t\t\t<p>Para solicitar o atendimento t\u00e9cnico da Saframax \u00e9 necess\u00e1rio o preenchimento das informa\u00e7\u00f5es abaixo.<br \/>Sem o preenchimento correto da solicita\u00e7\u00e3o, n\u00e3o \u00e9 poss\u00edvel iniciar seu atendimento.<\/p><p class=\"margin_top_20 margin_left_20 margin_right_20 text_justify ident_20\">Ap\u00f3s o envio das informa\u00e7\u00f5es, aguarde o contato da nossa equipe para confirma\u00e7\u00e3o dos dados e agendamento.<\/p>\t\t\t\t\t\t\t<\/div>\r\n\t\t\t\t\t\t\t\t\t\t<\/div>\n\t\t\t\t<\/div>\n\t\t\t\t<div class=\"elementor-element elementor-element-d476bb7 flex-horizontal-align-default flex-horizontal-align-tablet-default flex-horizontal-align-mobile-default flex-vertical-align-default flex-vertical-align-tablet-default flex-vertical-align-mobile-default elementor-widget elementor-widget-spacer\" data-id=\"d476bb7\" data-element_type=\"widget\" data-widget_type=\"spacer.default\">\n\t\t\t\t<div class=\"elementor-widget-container\">\n\t\t\t\t\t\t\t<div class=\"elementor-spacer\">\n\t\t\t<div class=\"elementor-spacer-inner\"><\/div>\n\t\t<\/div>\n\t\t\t\t\t\t<\/div>\n\t\t\t\t<\/div>\n\t\t\t\t\t<\/div>\n\t\t\t\t<\/div>\n\t\t<div class=\"elementor-element elementor-element-37ca479 thegem-e-con-layout-thegem e-flex e-con-boxed e-con e-parent\" data-id=\"37ca479\" data-element_type=\"container\" data-settings=\"{&quot;background_background&quot;:&quot;classic&quot;,&quot;thegem_container_layout&quot;:&quot;thegem&quot;}\">\r\n\t\t\t\t\t<div class=\"e-con-inner\">\r\n\t\t\t\t<div class=\"elementor-element elementor-element-0c69076 flex-horizontal-align-default flex-horizontal-align-tablet-default flex-horizontal-align-mobile-default flex-vertical-align-default flex-vertical-align-tablet-default flex-vertical-align-mobile-default elementor-widget elementor-widget-spacer\" data-id=\"0c69076\" data-element_type=\"widget\" data-widget_type=\"spacer.default\">\n\t\t\t\t<div class=\"elementor-widget-container\">\n\t\t\t\t\t\t\t<div class=\"elementor-spacer\">\n\t\t\t<div class=\"elementor-spacer-inner\"><\/div>\n\t\t<\/div>\n\t\t\t\t\t\t<\/div>\n\t\t\t\t<\/div>\n\t\t\t\t<div class=\"elementor-element elementor-element-6914338 flex-horizontal-align-default flex-horizontal-align-tablet-default flex-horizontal-align-mobile-default flex-vertical-align-default flex-vertical-align-tablet-default flex-vertical-align-mobile-default elementor-widget elementor-widget-text-editor\" data-id=\"6914338\" data-element_type=\"widget\" data-widget_type=\"text-editor.default\">\n\t\t\t\t<div class=\"elementor-widget-container\">\n\t\t\t\t\t\t\t\t\t\t\t\t<div class=\"elementor-text-editor elementor-clearfix\">\r\n\t\t\t\t\t\t<p><strong><u>Aten\u00e7\u00e3o:<\/u>\u00a0 Para instala\u00e7\u00e3o, o equipamento deve estar em posse do cliente.<\/strong><br \/>A Saframax n\u00e3o transporta os equipamentos at\u00e9 o local da instala\u00e7\u00e3o.<\/p>\t\t\t\t\t\t\t<\/div>\r\n\t\t\t\t\t\t\t\t\t\t<\/div>\n\t\t\t\t<\/div>\n\t\t\t\t<div class=\"elementor-element elementor-element-edb5668 flex-horizontal-align-default flex-horizontal-align-tablet-default flex-horizontal-align-mobile-default flex-vertical-align-default flex-vertical-align-tablet-default flex-vertical-align-mobile-default elementor-widget elementor-widget-spacer\" data-id=\"edb5668\" data-element_type=\"widget\" data-widget_type=\"spacer.default\">\n\t\t\t\t<div class=\"elementor-widget-container\">\n\t\t\t\t\t\t\t<div class=\"elementor-spacer\">\n\t\t\t<div class=\"elementor-spacer-inner\"><\/div>\n\t\t<\/div>\n\t\t\t\t\t\t<\/div>\n\t\t\t\t<\/div>\n\t\t\t\t\t<\/div>\n\t\t\t\t<\/div>\n\t\t<div class=\"elementor-element elementor-element-c3a144d thegem-e-con-layout-thegem e-flex e-con-boxed e-con e-parent\" data-id=\"c3a144d\" data-element_type=\"container\" data-settings=\"{&quot;thegem_container_layout&quot;:&quot;thegem&quot;}\">\r\n\t\t\t\t\t<div class=\"e-con-inner\">\r\n\t\t\t\t<div class=\"elementor-element elementor-element-ba99020 flex-horizontal-align-default flex-horizontal-align-tablet-default flex-horizontal-align-mobile-default flex-vertical-align-default flex-vertical-align-tablet-default flex-vertical-align-mobile-default elementor-widget elementor-widget-thegem-contact-form7\" data-id=\"ba99020\" data-element_type=\"widget\" data-settings=\"{&quot;thegem_elementor_preset&quot;:&quot;default&quot;}\" data-widget_type=\"thegem-contact-form7.default\">\n\t\t\t\t<div class=\"elementor-widget-container\">\n\t\t\t\t\t\n<div class=\"wpcf7 no-js\" id=\"wpcf7-f17344-o1\" lang=\"pt-BR\" dir=\"ltr\" data-wpcf7-id=\"17344\">\n<div class=\"screen-reader-response\"><p role=\"status\" aria-live=\"polite\" aria-atomic=\"true\"><\/p> <ul><\/ul><\/div>\n<form action=\"\/index.php?rest_route=%2Fwp%2Fv2%2Fpages%2F17342#wpcf7-f17344-o1\" method=\"post\" class=\"wpcf7-form init thegem-cf7 form-ba99020 label-top\" aria-label=\"Formul\u00e1rios de contato\" enctype=\"multipart\/form-data\" novalidate=\"novalidate\" data-status=\"init\">\n<fieldset class=\"hidden-fields-container\"><input type=\"hidden\" name=\"_wpcf7\" value=\"17344\" \/><input type=\"hidden\" name=\"_wpcf7_version\" value=\"6.1.4\" \/><input type=\"hidden\" name=\"_wpcf7_locale\" value=\"pt_BR\" \/><input type=\"hidden\" name=\"_wpcf7_unit_tag\" value=\"wpcf7-f17344-o1\" \/><input type=\"hidden\" name=\"_wpcf7_container_post\" value=\"0\" \/><input type=\"hidden\" name=\"_wpcf7_posted_data_hash\" value=\"\" \/>\n<\/fieldset>\n<h2 class=\"short\"><strong>Formul\u00e1rio de Solicita\u00e7\u00e3o de Atendimento T\u00e9cnico<\/strong><br><\/h2>\n\n<div class=\"row\">\n    <div style=\"margin-top: 20px;\" class=\"col-lg-6\">\n        <div class=\"form-group\">\n            <label for=\"contact-subject\">TIPO DE ATENDIMENTO: *<\/label>\n            <span class=\"wpcf7-form-control-wrap\" data-name=\"your-subject\"><select class=\"wpcf7-form-control wpcf7-select form-control\" id=\"contact-subject\" aria-invalid=\"false\" name=\"your-subject\"><option value=\"Instala\u00e7\u00e3o\">Instala\u00e7\u00e3o<\/option><option value=\"Manuten\u00e7\u00e3o\">Manuten\u00e7\u00e3o<\/option><\/select><\/span>\n        <\/div>\n    <\/div>\n<\/div>\n\n<div class=\"row\">\n<h5 class=\"short\"><br><strong> DADOS DO CLIENTE:<\/strong><br><\/h5>\n<div class=\"col-lg-6\">\n        <div class=\"form-group\">\n            <label for=\"contact-name\">Nome: *<\/label>\n            <span class=\"wpcf7-form-control-wrap\" data-name=\"your-name\"><input size=\"40\" maxlength=\"400\" class=\"wpcf7-form-control wpcf7-text wpcf7-validates-as-required form-control\" id=\"contact-name\" aria-required=\"true\" aria-invalid=\"false\" value=\"\" type=\"text\" name=\"your-name\" \/><\/span>\n        <\/div>\n    <\/div>\n\n<div class=\"col-lg-6\">\n        <div class=\"form-group\">\n            <label for=\"client-cpf\">CPF ou CNPJ: *<\/label>\n            <span class=\"wpcf7-form-control-wrap\" data-name=\"text-651\"><input size=\"40\" maxlength=\"400\" class=\"wpcf7-form-control wpcf7-text wpcf7-validates-as-required\" aria-required=\"true\" aria-invalid=\"false\" value=\"\" type=\"text\" name=\"text-651\" \/><\/span>\n        <\/div>\n    <\/div>\n\n<div class=\"col-lg-6\">\n        <div class=\"form-group\">\n            <label for=\"client-cep\">CEP: <\/label>\n            <span class=\"wpcf7-form-control-wrap\" data-name=\"cep\"><input size=\"40\" maxlength=\"400\" class=\"wpcf7-form-control wpcf7-text cf7-cep-autofill\" aria-invalid=\"false\" value=\"\" type=\"text\" name=\"cep\" \/><\/span>\n        <\/div>\n    <\/div>\n\n<div class=\"col-lg-6\">\n        <div class=\"form-group\">\n            <label for=\"client-logradouro\">Endere\u00e7o: *<\/label>\n            <span class=\"wpcf7-form-control-wrap\" data-name=\"logradouro\"><input size=\"40\" maxlength=\"400\" class=\"wpcf7-form-control wpcf7-text wpcf7-validates-as-required cf7-cep-autofill__rua\" aria-required=\"true\" aria-invalid=\"false\" value=\"\" type=\"text\" name=\"logradouro\" \/><\/span>\n        <\/div>\n    <\/div>\n\n<div class=\"col-lg-6\">\n        <div class=\"form-group\">\n            <label for=\"client-cidade\">Cidade: *<\/label>\n            <span class=\"wpcf7-form-control-wrap\" data-name=\"cidade\"><input size=\"40\" maxlength=\"400\" class=\"wpcf7-form-control wpcf7-text wpcf7-validates-as-required cf7-cep-autofill__cidade\" aria-required=\"true\" aria-invalid=\"false\" value=\"\" type=\"text\" name=\"cidade\" \/><\/span>\n        <\/div>\n    <\/div>\n\n<div class=\"col-lg-6\">\n        <div class=\"form-group\">\n            <label for=\"client-estado\">Estado: *<\/label>\n            <span class=\"wpcf7-form-control-wrap\" data-name=\"estado\"><input size=\"40\" maxlength=\"400\" class=\"wpcf7-form-control wpcf7-text wpcf7-validates-as-required cf7-cep-autofill__uf\" aria-required=\"true\" aria-invalid=\"false\" value=\"\" type=\"text\" name=\"estado\" \/><\/span>\n        <\/div>\n    <\/div>\n\n    <div class=\"col-lg-6\">\n        <div class=\"form-group\">\n            <label for=\"contact-email\">E-mail: *<\/label>\n            <span class=\"wpcf7-form-control-wrap\" data-name=\"your-email\"><input size=\"40\" maxlength=\"400\" class=\"wpcf7-form-control wpcf7-email wpcf7-validates-as-required wpcf7-text wpcf7-validates-as-email form-control\" id=\"contact-email\" aria-required=\"true\" aria-invalid=\"false\" value=\"\" type=\"email\" name=\"your-email\" \/><\/span>\n        <\/div>\n    <\/div>\n\n    <div class=\"col-lg-6\">\n        <div class=\"form-group\">\n            <label for=\"contact-phone\">Telefone: *<\/label>\n            <span class=\"wpcf7-form-control-wrap\" data-name=\"tel-27\"><input size=\"40\" maxlength=\"400\" class=\"wpcf7-form-control wpcf7-tel wpcf7-validates-as-required wpcf7-text wpcf7-validates-as-tel form-control\" id=\"contact-phone\" aria-required=\"true\" aria-invalid=\"false\" value=\"\" type=\"tel\" name=\"tel-27\" \/><\/span>\n        <\/div>\n    <\/div>\n\n<\/div>\n\n<div class=\"row\">\n<h5 class=\"short\"><br><strong> DADOS DA VENDA:<\/strong><br><\/h5>\n<div class=\"col-lg-6\">\n        <div class=\"form-group\">\n            <label for=\"equipamento\">Equipamento: *<\/label>\n            <span class=\"wpcf7-form-control-wrap\" data-name=\"equipamento\"><input size=\"40\" maxlength=\"400\" class=\"wpcf7-form-control wpcf7-text wpcf7-validates-as-required form-control\" id=\"equipamento\" aria-required=\"true\" aria-invalid=\"false\" value=\"\" type=\"text\" name=\"equipamento\" \/><\/span>\n        <\/div>\n    <\/div>\n\n<div class=\"col-lg-6\">\n        <div class=\"form-group\">\n            <label for=\"serie\">N\u00famero de s\u00e9rie: *<\/label>\n            <span class=\"wpcf7-form-control-wrap\" data-name=\"serie\"><input size=\"40\" maxlength=\"400\" class=\"wpcf7-form-control wpcf7-text wpcf7-validates-as-required\" aria-required=\"true\" aria-invalid=\"false\" value=\"\" type=\"text\" name=\"serie\" \/><\/span>\n        <\/div>\n    <\/div>\n\n<div class=\"col-lg-6\">    \n        <div class=\"form-group\">\n            <label for=\"contact-nf\">N\u00famero da Nota Fiscal: <\/label>\n            <span class=\"wpcf7-form-control-wrap\" data-name=\"text-261\"><input size=\"40\" maxlength=\"400\" class=\"wpcf7-form-control wpcf7-text form-control\" id=\"contact-nf\" aria-invalid=\"false\" value=\"\" type=\"text\" name=\"text-261\" \/><\/span>\n        <\/div>\n    <\/div>\n\n<div class=\"col-lg-6\">\n        <div class=\"form-group\">\n            <label for=\"data-venda\">Data da venda: <\/label>\n            <span class=\"wpcf7-form-control-wrap\" data-name=\"data-venda\"><input class=\"wpcf7-form-control wpcf7-date wpcf7-validates-as-date\" aria-invalid=\"false\" value=\"\" type=\"date\" name=\"data-venda\" \/><\/span>\n        <\/div>\n    <\/div>\n\n<div class=\"col-lg-6\">\n        <div class=\"form-group\">\n            <label for=\"revenda\">Revenda: *<\/label>\n            <span class=\"wpcf7-form-control-wrap\" data-name=\"revenda\"><input size=\"40\" maxlength=\"400\" class=\"wpcf7-form-control wpcf7-text wpcf7-validates-as-required form-control\" id=\"revenda\" aria-required=\"true\" aria-invalid=\"false\" value=\"\" type=\"text\" name=\"revenda\" \/><\/span>\n        <\/div>\n    <\/div>\n\n<div class=\"col-lg-6\">\n        <div class=\"form-group\">\n            <label for=\"implemento\">Implemento (a ser) instalado o equipamento: *<\/label>\n            <span class=\"wpcf7-form-control-wrap\" data-name=\"implemento\"><input size=\"40\" maxlength=\"400\" class=\"wpcf7-form-control wpcf7-text wpcf7-validates-as-required\" aria-required=\"true\" aria-invalid=\"false\" value=\"\" type=\"text\" name=\"implemento\" \/><\/span>\n        <\/div>\n    <\/div>\n\n<div class=\"row\">\n<div style=\"margin-top: 20px;\" class=\"col-lg-12\">\n        <div class=\"form-group\">\n            <label for=\"contact-message\">Previs\u00e3o de uso \/ Observa\u00e7\u00f5es:<\/label>\n            <span class=\"wpcf7-form-control-wrap\" data-name=\"your-message\"><textarea cols=\"40\" rows=\"10\" maxlength=\"2000\" class=\"wpcf7-form-control wpcf7-textarea form-control\" id=\"contact-message\" aria-invalid=\"false\" placeholder=\"...\" name=\"your-message\"><\/textarea><\/span>\n\n        <\/div>\n    <\/div>\n\n<\/div>\n\n<div style=\"margin-top: 10px;\" class=\"col-lg-12\">\n          <div class=\"form-group\">\n            <label for=\"contact-attachment\"><strong>Se necess\u00e1rio, anexe aqui documentos, fotos, etc:<\/strong><\/label>\n            <span class=\"wpcf7-form-control-wrap\" data-name=\"your-attachment\"><input size=\"40\" class=\"wpcf7-form-control wpcf7-file\" id=\"contact-attachment\" accept=\"audio\/*,video\/*,image\/*\" aria-invalid=\"false\" type=\"file\" name=\"your-attachment\" \/><\/span>\n        <\/div>\n    <\/div>\n\n    <hr>\n<div style=\"margin-top: 35px;\" class=\"col-lg-12\">\n        <div class=\"form-group\">\n            <input class=\"wpcf7-form-control wpcf7-submit has-spinner btn btn-primary btn-lg\" type=\"submit\" value=\"Enviar\" \/>\n        <\/div>\n    <\/div>\n<\/div><div class=\"wpcf7-response-output\" aria-hidden=\"true\"><\/div>\n<\/form>\n<\/div>\n\t\t\t\t<\/div>\n\t\t\t\t<\/div>\n\t\t\t\t\t<\/div>\n\t\t\t\t<\/div>\n\t\t\t\t<\/div>\n\t\t","protected":false},"excerpt":{"rendered":"<p>Assist\u00eancia T\u00e9cnica Para solicitar o atendimento t\u00e9cnico da Saframax \u00e9 necess\u00e1rio o preenchimento das informa\u00e7\u00f5es abaixo.Sem o preenchimento correto da&#8230;<\/p>\n","protected":false},"author":1,"featured_media":0,"parent":0,"menu_order":0,"comment_status":"closed","ping_status":"closed","template":"page-fullwidth.php","meta":{"footnotes":""},"class_list":["post-17342","page","type-page","status-publish"],"_links":{"self":[{"href":"https:\/\/loja.saframax.com\/index.php?rest_route=\/wp\/v2\/pages\/17342","targetHints":{"allow":["GET"]}}],"collection":[{"href":"https:\/\/loja.saframax.com\/index.php?rest_route=\/wp\/v2\/pages"}],"about":[{"href":"https:\/\/loja.saframax.com\/index.php?rest_route=\/wp\/v2\/types\/page"}],"author":[{"embeddable":true,"href":"https:\/\/loja.saframax.com\/index.php?rest_route=\/wp\/v2\/users\/1"}],"replies":[{"embeddable":true,"href":"https:\/\/loja.saframax.com\/index.php?rest_route=%2Fwp%2Fv2%2Fcomments&post=17342"}],"version-history":[{"count":11,"href":"https:\/\/loja.saframax.com\/index.php?rest_route=\/wp\/v2\/pages\/17342\/revisions"}],"predecessor-version":[{"id":17556,"href":"https:\/\/loja.saframax.com\/index.php?rest_route=\/wp\/v2\/pages\/17342\/revisions\/17556"}],"wp:attachment":[{"href":"https:\/\/loja.saframax.com\/index.php?rest_route=%2Fwp%2Fv2%2Fmedia&parent=17342"}],"curies":[{"name":"wp","href":"https:\/\/api.w.org\/{rel}","templated":true}]}}