{"id":16812,"date":"2025-05-22T12:43:43","date_gmt":"2025-05-22T12:43:43","guid":{"rendered":"https:\/\/loja.saframax.com\/?page_id=16812"},"modified":"2025-08-27T16:13:09","modified_gmt":"2025-08-27T16:13:09","slug":"central-de-plantio-sm4x","status":"publish","type":"page","link":"https:\/\/loja.saframax.com\/?page_id=16812","title":{"rendered":"Central de plantio SM4X"},"content":{"rendered":"\t\t<div data-elementor-type=\"wp-page\" data-elementor-id=\"16812\" class=\"elementor elementor-16812\" data-elementor-post-type=\"page\">\n\t\t\t\t\t\t<section class=\"elementor-section elementor-top-section elementor-element elementor-element-3d07bdd2 elementor-section-height-min-height elementor-section-items-stretch elementor-section-boxed elementor-section-height-default\" data-id=\"3d07bdd2\" data-element_type=\"section\" data-settings=\"{&quot;background_background&quot;:&quot;classic&quot;}\">\r\n\t\t\t\t\t\t\t<div class=\"elementor-background-overlay\"><\/div>\r\n\t\t\t\t\t\t\t<div class=\"elementor-container elementor-column-gap-thegem\"><div class=\"elementor-row\">\r\n\t\t\t\t\t<div class=\"elementor-column elementor-col-100 elementor-top-column elementor-element elementor-element-62dbaa51\" data-id=\"62dbaa51\" data-element_type=\"column\">\n\t\t\t<div class=\"elementor-widget-wrap elementor-element-populated\">\n\t\t\t\t\t\t<div class=\"elementor-element elementor-element-9754551 elementor-widget__width-inherit flex-horizontal-align-default flex-horizontal-align-tablet-default flex-horizontal-align-mobile-default flex-vertical-align-default flex-vertical-align-tablet-default flex-vertical-align-mobile-default elementor-widget elementor-widget-heading\" data-id=\"9754551\" data-element_type=\"widget\" data-widget_type=\"heading.default\">\n\t\t\t\t<div class=\"elementor-widget-container\">\n\t\t\t\t\t<div class=\"title-xlarge elementor-heading-title elementor-size-default\">CENTRAIS<\/div>\t\t\t\t<\/div>\n\t\t\t\t<\/div>\n\t\t\t\t<div class=\"elementor-element elementor-element-b0cc2ca flex-horizontal-align-default flex-horizontal-align-tablet-default flex-horizontal-align-mobile-default flex-vertical-align-default flex-vertical-align-tablet-default flex-vertical-align-mobile-default elementor-widget elementor-widget-heading\" data-id=\"b0cc2ca\" data-element_type=\"widget\" data-widget_type=\"heading.default\">\n\t\t\t\t<div class=\"elementor-widget-container\">\n\t\t\t\t\t<div class=\"title-xlarge elementor-heading-title elementor-size-default\">DE PLANTIO<\/div>\t\t\t\t<\/div>\n\t\t\t\t<\/div>\n\t\t\t\t<div class=\"elementor-element elementor-element-4b55ee3 flex-horizontal-align-default flex-horizontal-align-tablet-default flex-horizontal-align-mobile-default flex-vertical-align-default flex-vertical-align-tablet-default flex-vertical-align-mobile-default elementor-widget elementor-widget-heading\" data-id=\"4b55ee3\" data-element_type=\"widget\" data-widget_type=\"heading.default\">\n\t\t\t\t<div class=\"elementor-widget-container\">\n\t\t\t\t\t<div class=\"title-xlarge elementor-heading-title elementor-size-default\">SM4X<\/div>\t\t\t\t<\/div>\n\t\t\t\t<\/div>\n\t\t\t\t\t<\/div>\n\t\t<\/div>\n\t\t\t\t\t<\/div><\/div>\r\n\t\t<\/section>\r\n\t\t\t\t<main class=\"elementor-section elementor-top-section elementor-element elementor-element-64518d1 elementor-section-boxed elementor-section-height-default elementor-section-height-default\" data-id=\"64518d1\" data-element_type=\"section\">\r\n\t\t\t\t\t\t<div class=\"elementor-container elementor-column-gap-thegem\"><div class=\"elementor-row\">\r\n\t\t\t\t\t<div class=\"elementor-column elementor-col-100 elementor-top-column elementor-element elementor-element-d512159\" data-id=\"d512159\" data-element_type=\"column\">\n\t\t\t<div class=\"elementor-widget-wrap elementor-element-populated\">\n\t\t\t\t\t\t<div class=\"elementor-element elementor-element-7bbd975 flex-horizontal-align-default flex-horizontal-align-tablet-default flex-horizontal-align-mobile-default flex-vertical-align-default flex-vertical-align-tablet-default flex-vertical-align-mobile-default elementor-widget elementor-widget-spacer\" data-id=\"7bbd975\" data-element_type=\"widget\" data-widget_type=\"spacer.default\">\n\t\t\t\t<div class=\"elementor-widget-container\">\n\t\t\t\t\t\t\t<div class=\"elementor-spacer\">\n\t\t\t<div class=\"elementor-spacer-inner\"><\/div>\n\t\t<\/div>\n\t\t\t\t\t\t<\/div>\n\t\t\t\t<\/div>\n\t\t\t\t<section class=\"elementor-section elementor-inner-section elementor-element elementor-element-f0d4628 elementor-section-boxed elementor-section-height-default elementor-section-height-default\" data-id=\"f0d4628\" data-element_type=\"section\">\r\n\t\t\t\t\t\t<div class=\"elementor-container elementor-column-gap-thegem\"><div class=\"elementor-row\">\r\n\t\t\t\t\t<div class=\"elementor-column elementor-col-50 elementor-inner-column elementor-element elementor-element-26f6285\" data-id=\"26f6285\" data-element_type=\"column\">\n\t\t\t<div class=\"elementor-widget-wrap elementor-element-populated\">\n\t\t\t\t\t\t<div class=\"elementor-element elementor-element-f3d2b12 elementor-headline--style-highlight flex-horizontal-align-default flex-horizontal-align-tablet-default flex-horizontal-align-mobile-default flex-vertical-align-default flex-vertical-align-tablet-default flex-vertical-align-mobile-default elementor-widget elementor-widget-animated-headline\" data-id=\"f3d2b12\" data-element_type=\"widget\" data-settings=\"{&quot;marker&quot;:&quot;underline&quot;,&quot;highlighted_text&quot;:&quot;SM4X&quot;,&quot;headline_style&quot;:&quot;highlight&quot;,&quot;loop&quot;:&quot;yes&quot;,&quot;highlight_animation_duration&quot;:1200,&quot;highlight_iteration_delay&quot;:8000}\" data-widget_type=\"animated-headline.default\">\n\t\t\t\t<div class=\"elementor-widget-container\">\n\t\t\t\t\t\t\t<h3 class=\"elementor-headline\">\n\t\t\t\t\t<span class=\"elementor-headline-plain-text elementor-headline-text-wrapper\">Central de plantio<\/span>\n\t\t\t\t<span class=\"elementor-headline-dynamic-wrapper elementor-headline-text-wrapper\">\n\t\t\t\t\t<span class=\"elementor-headline-dynamic-text elementor-headline-text-active\">SM4X<\/span>\n\t\t\t\t<\/span>\n\t\t\t\t<\/h3>\n\t\t\t\t\t\t<\/div>\n\t\t\t\t<\/div>\n\t\t\t\t<div class=\"elementor-element elementor-element-9302bf1 flex-horizontal-align-default flex-horizontal-align-tablet-default flex-horizontal-align-mobile-default flex-vertical-align-default flex-vertical-align-tablet-default flex-vertical-align-mobile-default elementor-widget elementor-widget-image\" data-id=\"9302bf1\" data-element_type=\"widget\" data-widget_type=\"image.default\">\n\t\t\t\t<div class=\"elementor-widget-container\">\n\t\t\t\t\t\t\t\t\t\t\t\t\t\t\t<img fetchpriority=\"high\" width=\"1024\" height=\"568\" src=\"https:\/\/loja.saframax.com\/wp-content\/uploads\/2025\/08\/SM4X-1024x568.png\" class=\"attachment-large size-large wp-image-17769\" alt=\"\" srcset=\"https:\/\/loja.saframax.com\/wp-content\/uploads\/2025\/08\/SM4X-1024x568.png 1024w, https:\/\/loja.saframax.com\/wp-content\/uploads\/2025\/08\/SM4X-300x166.png 300w, https:\/\/loja.saframax.com\/wp-content\/uploads\/2025\/08\/SM4X-768x426.png 768w, https:\/\/loja.saframax.com\/wp-content\/uploads\/2025\/08\/SM4X-672x372.png 672w, https:\/\/loja.saframax.com\/wp-content\/uploads\/2025\/08\/SM4X.png 1483w\" sizes=\"(max-width: 1024px) 100vw, 1024px\" \/>\t\t\t\t\t\t\t\t\t\t\t\t\t\t\t<\/div>\n\t\t\t\t<\/div>\n\t\t\t\t\t<\/div>\n\t\t<\/div>\n\t\t\t\t<div class=\"elementor-column elementor-col-50 elementor-inner-column elementor-element elementor-element-1f929a7\" data-id=\"1f929a7\" data-element_type=\"column\">\n\t\t\t<div class=\"elementor-widget-wrap elementor-element-populated\">\n\t\t\t\t\t\t<div class=\"elementor-element elementor-element-f8077d8 flex-horizontal-align-default flex-horizontal-align-tablet-default flex-horizontal-align-mobile-default flex-vertical-align-default flex-vertical-align-tablet-default flex-vertical-align-mobile-default elementor-widget elementor-widget-text-editor\" data-id=\"f8077d8\" data-element_type=\"widget\" data-widget_type=\"text-editor.default\">\n\t\t\t\t<div class=\"elementor-widget-container\">\n\t\t\t\t\t\t\t\t\t\t\t\t<div class=\"elementor-text-editor elementor-clearfix\">\r\n\t\t\t\t\t\t<h3><strong>Caracter\u00edsticas:<\/strong><\/h3><ul><li>Monitoramento de fluxo de sementes;<\/li><li>Informa\u00e7\u00f5es de linhas conectadas;<\/li><li>Compat\u00edvel com FieldView (necessita do m\u00f3dulo smartView);<\/li><li>Horas trabalhadas;<\/li><li>Contagem de sementes (por linha e total);<\/li><li>Comparativo entre linhas (ca\u00edda de semente).<\/li><li>Sementes por metro (\u00e1rea plantada);<\/li><li>Hectar\u00edmetro (parcial e total);<\/li><li>Od\u00f4metro (dist\u00e2ncia linear percorrida);<\/li><li>Veloc\u00edmetro (monitora a velocidade do plantio);<\/li><li>Antena GPS Smart;<\/li><li>Controle de pulverizadores de sulco Safrajet;<\/li><li>Controle autom\u00e1tico de taxa de aplica\u00e7\u00e3o no sulco;<\/li><li>Registro detalhado de ocorr\u00eancias;<\/li><li>Mapas, relat\u00f3rios e gr\u00e1ficos na web;<\/li><li>Hist\u00f3rico dos plantios na nuvem;<\/li><li>Telemetria (via 3G\/4G);<\/li><li>Monitoramento digital de temperatura;<\/li><li>Monitoramento digital de n\u00edvel baixo;<\/li><li>Monitoramento digital de press\u00e3o.<\/li><\/ul>\t\t\t\t\t\t\t<\/div>\r\n\t\t\t\t\t\t\t\t\t\t<\/div>\n\t\t\t\t<\/div>\n\t\t\t\t\t<\/div>\n\t\t<\/div>\n\t\t\t\t\t<\/div><\/div>\r\n\t\t<\/section>\r\n\t\t\t\t\t<\/div>\n\t\t<\/div>\n\t\t\t\t\t<\/div><\/div>\r\n\t\t<\/main>\r\n\t\t<div class=\"elementor-element elementor-element-880d614 thegem-e-con-layout-thegem e-flex e-con-boxed e-con e-parent\" data-id=\"880d614\" data-element_type=\"container\" data-settings=\"{&quot;thegem_container_layout&quot;:&quot;thegem&quot;}\">\r\n\t\t\t\t\t<div class=\"e-con-inner\">\r\n\t\t\t\t<div class=\"elementor-element elementor-element-144d0b6 flex-horizontal-align-default flex-horizontal-align-tablet-default flex-horizontal-align-mobile-default flex-vertical-align-default flex-vertical-align-tablet-default flex-vertical-align-mobile-default elementor-widget elementor-widget-heading\" data-id=\"144d0b6\" data-element_type=\"widget\" data-widget_type=\"heading.default\">\n\t\t\t\t<div class=\"elementor-widget-container\">\n\t\t\t\t\t<h2 class=\"elementor-heading-title elementor-size-default\">Galeria de imagens<\/h2>\t\t\t\t<\/div>\n\t\t\t\t<\/div>\n\t\t\t\t<div class=\"elementor-element elementor-element-d0bd004 flex-horizontal-align-default flex-horizontal-align-tablet-default flex-horizontal-align-mobile-default flex-vertical-align-default flex-vertical-align-tablet-default flex-vertical-align-mobile-default elementor-widget elementor-widget-image-gallery\" data-id=\"d0bd004\" data-element_type=\"widget\" data-widget_type=\"image-gallery.default\">\n\t\t\t\t<div class=\"elementor-widget-container\">\n\t\t\t\t\t\t\t<div class=\"elementor-image-gallery\">\n\t\t\t<div id='gallery-1' class='gallery galleryid-16812 gallery-columns-3 gallery-size-full'><figure class='gallery-item'>\n\t\t\t<div class='gallery-icon landscape'>\n\t\t\t\t<a data-elementor-open-lightbox=\"yes\" data-elementor-lightbox-slideshow=\"d0bd004\" data-elementor-lightbox-title=\"SM4Xc\" data-e-action-hash=\"#elementor-action%3Aaction%3Dlightbox%26settings%3DeyJpZCI6MTc4NjYsInVybCI6Imh0dHBzOlwvXC9sb2phLnNhZnJhbWF4LmNvbVwvd3AtY29udGVudFwvdXBsb2Fkc1wvMjAyNVwvMDhcL1NNNFhjLnBuZyIsInNsaWRlc2hvdyI6ImQwYmQwMDQifQ%3D%3D\" href='https:\/\/loja.saframax.com\/wp-content\/uploads\/2025\/08\/SM4Xc.png'><img width=\"1920\" height=\"1920\" data-src=\"https:\/\/loja.saframax.com\/wp-content\/uploads\/2025\/08\/SM4Xc.png\" class=\"attachment-full size-full lazyload\" alt=\"\" data-srcset=\"https:\/\/loja.saframax.com\/wp-content\/uploads\/2025\/08\/SM4Xc.png 1920w, https:\/\/loja.saframax.com\/wp-content\/uploads\/2025\/08\/SM4Xc-300x300.png 300w, https:\/\/loja.saframax.com\/wp-content\/uploads\/2025\/08\/SM4Xc-1024x1024.png 1024w, https:\/\/loja.saframax.com\/wp-content\/uploads\/2025\/08\/SM4Xc-150x150.png 150w, https:\/\/loja.saframax.com\/wp-content\/uploads\/2025\/08\/SM4Xc-768x768.png 768w, https:\/\/loja.saframax.com\/wp-content\/uploads\/2025\/08\/SM4Xc-1536x1536.png 1536w, https:\/\/loja.saframax.com\/wp-content\/uploads\/2025\/08\/SM4Xc-256x256.png 256w\" data-sizes=\"(max-width: 1920px) 100vw, 1920px\" src=\"data:image\/svg+xml;base64,PHN2ZyB3aWR0aD0iMSIgaGVpZ2h0PSIxIiB4bWxucz0iaHR0cDovL3d3dy53My5vcmcvMjAwMC9zdmciPjwvc3ZnPg==\" style=\"--smush-placeholder-width: 1920px; --smush-placeholder-aspect-ratio: 1920\/1920;\" \/><\/a>\n\t\t\t<\/div><\/figure><figure class='gallery-item'>\n\t\t\t<div class='gallery-icon landscape'>\n\t\t\t\t<a data-elementor-open-lightbox=\"yes\" data-elementor-lightbox-slideshow=\"d0bd004\" data-elementor-lightbox-title=\"SM4Xb\" data-e-action-hash=\"#elementor-action%3Aaction%3Dlightbox%26settings%3DeyJpZCI6MTc4NjUsInVybCI6Imh0dHBzOlwvXC9sb2phLnNhZnJhbWF4LmNvbVwvd3AtY29udGVudFwvdXBsb2Fkc1wvMjAyNVwvMDhcL1NNNFhiLnBuZyIsInNsaWRlc2hvdyI6ImQwYmQwMDQifQ%3D%3D\" href='https:\/\/loja.saframax.com\/wp-content\/uploads\/2025\/08\/SM4Xb.png'><img width=\"1920\" height=\"1920\" data-src=\"https:\/\/loja.saframax.com\/wp-content\/uploads\/2025\/08\/SM4Xb.png\" class=\"attachment-full size-full lazyload\" alt=\"\" data-srcset=\"https:\/\/loja.saframax.com\/wp-content\/uploads\/2025\/08\/SM4Xb.png 1920w, https:\/\/loja.saframax.com\/wp-content\/uploads\/2025\/08\/SM4Xb-300x300.png 300w, https:\/\/loja.saframax.com\/wp-content\/uploads\/2025\/08\/SM4Xb-1024x1024.png 1024w, https:\/\/loja.saframax.com\/wp-content\/uploads\/2025\/08\/SM4Xb-150x150.png 150w, https:\/\/loja.saframax.com\/wp-content\/uploads\/2025\/08\/SM4Xb-768x768.png 768w, https:\/\/loja.saframax.com\/wp-content\/uploads\/2025\/08\/SM4Xb-1536x1536.png 1536w, https:\/\/loja.saframax.com\/wp-content\/uploads\/2025\/08\/SM4Xb-256x256.png 256w\" data-sizes=\"(max-width: 1920px) 100vw, 1920px\" src=\"data:image\/svg+xml;base64,PHN2ZyB3aWR0aD0iMSIgaGVpZ2h0PSIxIiB4bWxucz0iaHR0cDovL3d3dy53My5vcmcvMjAwMC9zdmciPjwvc3ZnPg==\" style=\"--smush-placeholder-width: 1920px; --smush-placeholder-aspect-ratio: 1920\/1920;\" \/><\/a>\n\t\t\t<\/div><\/figure><figure class='gallery-item'>\n\t\t\t<div class='gallery-icon landscape'>\n\t\t\t\t<a data-elementor-open-lightbox=\"yes\" data-elementor-lightbox-slideshow=\"d0bd004\" data-elementor-lightbox-title=\"SM4Xa\" data-e-action-hash=\"#elementor-action%3Aaction%3Dlightbox%26settings%3DeyJpZCI6MTc4NjQsInVybCI6Imh0dHBzOlwvXC9sb2phLnNhZnJhbWF4LmNvbVwvd3AtY29udGVudFwvdXBsb2Fkc1wvMjAyNVwvMDhcL1NNNFhhLnBuZyIsInNsaWRlc2hvdyI6ImQwYmQwMDQifQ%3D%3D\" href='https:\/\/loja.saframax.com\/wp-content\/uploads\/2025\/08\/SM4Xa.png'><img width=\"1920\" height=\"1920\" data-src=\"https:\/\/loja.saframax.com\/wp-content\/uploads\/2025\/08\/SM4Xa.png\" class=\"attachment-full size-full lazyload\" alt=\"\" data-srcset=\"https:\/\/loja.saframax.com\/wp-content\/uploads\/2025\/08\/SM4Xa.png 1920w, https:\/\/loja.saframax.com\/wp-content\/uploads\/2025\/08\/SM4Xa-300x300.png 300w, https:\/\/loja.saframax.com\/wp-content\/uploads\/2025\/08\/SM4Xa-1024x1024.png 1024w, https:\/\/loja.saframax.com\/wp-content\/uploads\/2025\/08\/SM4Xa-150x150.png 150w, https:\/\/loja.saframax.com\/wp-content\/uploads\/2025\/08\/SM4Xa-768x768.png 768w, https:\/\/loja.saframax.com\/wp-content\/uploads\/2025\/08\/SM4Xa-1536x1536.png 1536w, https:\/\/loja.saframax.com\/wp-content\/uploads\/2025\/08\/SM4Xa-256x256.png 256w\" data-sizes=\"(max-width: 1920px) 100vw, 1920px\" src=\"data:image\/svg+xml;base64,PHN2ZyB3aWR0aD0iMSIgaGVpZ2h0PSIxIiB4bWxucz0iaHR0cDovL3d3dy53My5vcmcvMjAwMC9zdmciPjwvc3ZnPg==\" style=\"--smush-placeholder-width: 1920px; --smush-placeholder-aspect-ratio: 1920\/1920;\" \/><\/a>\n\t\t\t<\/div><\/figure>\n\t\t<\/div>\n\t\t<\/div>\n\t\t\t\t\t\t<\/div>\n\t\t\t\t<\/div>\n\t\t\t\t\t<\/div>\n\t\t\t\t<\/div>\n\t\t\t\t<\/div>\n\t\t","protected":false},"excerpt":{"rendered":"<p>CENTRAIS DE PLANTIO SM4X Central de plantio SM4X Caracter\u00edsticas: Monitoramento de fluxo de sementes; Informa\u00e7\u00f5es de linhas conectadas; Compat\u00edvel com&#8230;<\/p>\n","protected":false},"author":1,"featured_media":0,"parent":0,"menu_order":-1,"comment_status":"closed","ping_status":"closed","template":"page-fullwidth.php","meta":{"footnotes":""},"class_list":["post-16812","page","type-page","status-publish"],"_links":{"self":[{"href":"https:\/\/loja.saframax.com\/index.php?rest_route=\/wp\/v2\/pages\/16812","targetHints":{"allow":["GET"]}}],"collection":[{"href":"https:\/\/loja.saframax.com\/index.php?rest_route=\/wp\/v2\/pages"}],"about":[{"href":"https:\/\/loja.saframax.com\/index.php?rest_route=\/wp\/v2\/types\/page"}],"author":[{"embeddable":true,"href":"https:\/\/loja.saframax.com\/index.php?rest_route=\/wp\/v2\/users\/1"}],"replies":[{"embeddable":true,"href":"https:\/\/loja.saframax.com\/index.php?rest_route=%2Fwp%2Fv2%2Fcomments&post=16812"}],"version-history":[{"count":34,"href":"https:\/\/loja.saframax.com\/index.php?rest_route=\/wp\/v2\/pages\/16812\/revisions"}],"predecessor-version":[{"id":17937,"href":"https:\/\/loja.saframax.com\/index.php?rest_route=\/wp\/v2\/pages\/16812\/revisions\/17937"}],"wp:attachment":[{"href":"https:\/\/loja.saframax.com\/index.php?rest_route=%2Fwp%2Fv2%2Fmedia&parent=16812"}],"curies":[{"name":"wp","href":"https:\/\/api.w.org\/{rel}","templated":true}]}}