{"id":16808,"date":"2025-05-22T12:36:36","date_gmt":"2025-05-22T12:36:36","guid":{"rendered":"https:\/\/loja.saframax.com\/?page_id=16808"},"modified":"2025-10-06T14:14:53","modified_gmt":"2025-10-06T14:14:53","slug":"central-de-plantio-sm3x","status":"publish","type":"page","link":"https:\/\/loja.saframax.com\/?page_id=16808","title":{"rendered":"Central de plantio SM3X"},"content":{"rendered":"\t\t<div data-elementor-type=\"wp-page\" data-elementor-id=\"16808\" class=\"elementor elementor-16808\" data-elementor-post-type=\"page\">\n\t\t\t\t\t\t<section class=\"elementor-section elementor-top-section elementor-element elementor-element-3d07bdd2 elementor-section-height-min-height elementor-section-items-stretch elementor-section-boxed elementor-section-height-default\" data-id=\"3d07bdd2\" data-element_type=\"section\" data-settings=\"{&quot;background_background&quot;:&quot;classic&quot;}\">\r\n\t\t\t\t\t\t\t<div class=\"elementor-background-overlay\"><\/div>\r\n\t\t\t\t\t\t\t<div class=\"elementor-container elementor-column-gap-thegem\"><div class=\"elementor-row\">\r\n\t\t\t\t\t<div class=\"elementor-column elementor-col-100 elementor-top-column elementor-element elementor-element-62dbaa51\" data-id=\"62dbaa51\" data-element_type=\"column\">\n\t\t\t<div class=\"elementor-widget-wrap elementor-element-populated\">\n\t\t\t\t\t\t<div class=\"elementor-element elementor-element-6cf08483 elementor-widget__width-inherit flex-horizontal-align-default flex-horizontal-align-tablet-default flex-horizontal-align-mobile-default flex-vertical-align-default flex-vertical-align-tablet-default flex-vertical-align-mobile-default elementor-widget elementor-widget-heading\" data-id=\"6cf08483\" data-element_type=\"widget\" data-widget_type=\"heading.default\">\n\t\t\t\t<div class=\"elementor-widget-container\">\n\t\t\t\t\t<div class=\"title-xlarge elementor-heading-title elementor-size-default\">CENTRAIS<\/div>\t\t\t\t<\/div>\n\t\t\t\t<\/div>\n\t\t\t\t<div class=\"elementor-element elementor-element-6d180c1e flex-horizontal-align-default flex-horizontal-align-tablet-default flex-horizontal-align-mobile-default flex-vertical-align-default flex-vertical-align-tablet-default flex-vertical-align-mobile-default elementor-widget elementor-widget-heading\" data-id=\"6d180c1e\" data-element_type=\"widget\" data-widget_type=\"heading.default\">\n\t\t\t\t<div class=\"elementor-widget-container\">\n\t\t\t\t\t<div class=\"title-xlarge elementor-heading-title elementor-size-default\">DE PLANTIO<\/div>\t\t\t\t<\/div>\n\t\t\t\t<\/div>\n\t\t\t\t<div class=\"elementor-element elementor-element-07e7df8 flex-horizontal-align-default flex-horizontal-align-tablet-default flex-horizontal-align-mobile-default flex-vertical-align-default flex-vertical-align-tablet-default flex-vertical-align-mobile-default elementor-widget elementor-widget-heading\" data-id=\"07e7df8\" data-element_type=\"widget\" data-widget_type=\"heading.default\">\n\t\t\t\t<div class=\"elementor-widget-container\">\n\t\t\t\t\t<div class=\"title-h1 elementor-heading-title elementor-size-default\">SM3X<\/div>\t\t\t\t<\/div>\n\t\t\t\t<\/div>\n\t\t\t\t\t<\/div>\n\t\t<\/div>\n\t\t\t\t\t<\/div><\/div>\r\n\t\t<\/section>\r\n\t\t\t\t<main class=\"elementor-section elementor-top-section elementor-element elementor-element-64518d1 elementor-section-boxed elementor-section-height-default elementor-section-height-default\" data-id=\"64518d1\" data-element_type=\"section\">\r\n\t\t\t\t\t\t<div class=\"elementor-container elementor-column-gap-thegem\"><div class=\"elementor-row\">\r\n\t\t\t\t\t<div class=\"elementor-column elementor-col-100 elementor-top-column elementor-element elementor-element-d512159\" data-id=\"d512159\" data-element_type=\"column\">\n\t\t\t<div class=\"elementor-widget-wrap elementor-element-populated\">\n\t\t\t\t\t\t<div class=\"elementor-element elementor-element-adeabef flex-horizontal-align-default flex-horizontal-align-tablet-default flex-horizontal-align-mobile-default flex-vertical-align-default flex-vertical-align-tablet-default flex-vertical-align-mobile-default elementor-widget elementor-widget-spacer\" data-id=\"adeabef\" data-element_type=\"widget\" data-widget_type=\"spacer.default\">\n\t\t\t\t<div class=\"elementor-widget-container\">\n\t\t\t\t\t\t\t<div class=\"elementor-spacer\">\n\t\t\t<div class=\"elementor-spacer-inner\"><\/div>\n\t\t<\/div>\n\t\t\t\t\t\t<\/div>\n\t\t\t\t<\/div>\n\t\t\t\t<section class=\"elementor-section elementor-inner-section elementor-element elementor-element-f0d4628 elementor-section-boxed elementor-section-height-default elementor-section-height-default\" data-id=\"f0d4628\" data-element_type=\"section\">\r\n\t\t\t\t\t\t<div class=\"elementor-container elementor-column-gap-thegem\"><div class=\"elementor-row\">\r\n\t\t\t\t\t<div class=\"elementor-column elementor-col-50 elementor-inner-column elementor-element elementor-element-26f6285\" data-id=\"26f6285\" data-element_type=\"column\">\n\t\t\t<div class=\"elementor-widget-wrap elementor-element-populated\">\n\t\t\t\t\t\t<div class=\"elementor-element elementor-element-f3d2b12 elementor-headline--style-highlight flex-horizontal-align-default flex-horizontal-align-tablet-default flex-horizontal-align-mobile-default flex-vertical-align-default flex-vertical-align-tablet-default flex-vertical-align-mobile-default elementor-widget elementor-widget-animated-headline\" data-id=\"f3d2b12\" data-element_type=\"widget\" data-settings=\"{&quot;marker&quot;:&quot;underline&quot;,&quot;highlighted_text&quot;:&quot;SM3X&quot;,&quot;headline_style&quot;:&quot;highlight&quot;,&quot;loop&quot;:&quot;yes&quot;,&quot;highlight_animation_duration&quot;:1200,&quot;highlight_iteration_delay&quot;:8000}\" data-widget_type=\"animated-headline.default\">\n\t\t\t\t<div class=\"elementor-widget-container\">\n\t\t\t\t\t\t\t<h3 class=\"elementor-headline\">\n\t\t\t\t\t<span class=\"elementor-headline-plain-text elementor-headline-text-wrapper\">Central de plantio<\/span>\n\t\t\t\t<span class=\"elementor-headline-dynamic-wrapper elementor-headline-text-wrapper\">\n\t\t\t\t\t<span class=\"elementor-headline-dynamic-text elementor-headline-text-active\">SM3X<\/span>\n\t\t\t\t<\/span>\n\t\t\t\t<\/h3>\n\t\t\t\t\t\t<\/div>\n\t\t\t\t<\/div>\n\t\t\t\t<div class=\"elementor-element elementor-element-6db5e8c elementor-widget__width-initial flex-horizontal-align-default flex-horizontal-align-tablet-default flex-horizontal-align-mobile-default flex-vertical-align-default flex-vertical-align-tablet-default flex-vertical-align-mobile-default elementor-widget elementor-widget-heading\" data-id=\"6db5e8c\" data-element_type=\"widget\" data-widget_type=\"heading.default\">\n\t\t\t\t<div class=\"elementor-widget-container\">\n\t\t\t\t\t<div class=\"title-h5 light elementor-heading-title elementor-size-default\">Melhor custo-benef\u00edcio da categoria, oferece solu\u00e7\u00f5es altamente direcionadas e personalizadas para cada talh\u00e3o.<\/div>\t\t\t\t<\/div>\n\t\t\t\t<\/div>\n\t\t\t\t<div class=\"elementor-element elementor-element-9302bf1 flex-horizontal-align-default flex-horizontal-align-tablet-default flex-horizontal-align-mobile-default flex-vertical-align-default flex-vertical-align-tablet-default flex-vertical-align-mobile-default elementor-widget elementor-widget-image\" data-id=\"9302bf1\" data-element_type=\"widget\" data-widget_type=\"image.default\">\n\t\t\t\t<div class=\"elementor-widget-container\">\n\t\t\t\t\t\t\t\t\t\t\t\t\t\t\t<img fetchpriority=\"high\" width=\"1024\" height=\"755\" src=\"https:\/\/loja.saframax.com\/wp-content\/uploads\/2023\/05\/painelSM3X-1-e1683804035773-1024x755.png\" class=\"attachment-large size-large wp-image-11169\" alt=\"\" srcset=\"https:\/\/loja.saframax.com\/wp-content\/uploads\/2023\/05\/painelSM3X-1-e1683804035773-1024x755.png 1024w, https:\/\/loja.saframax.com\/wp-content\/uploads\/2023\/05\/painelSM3X-1-e1683804035773-300x221.png 300w, https:\/\/loja.saframax.com\/wp-content\/uploads\/2023\/05\/painelSM3X-1-e1683804035773-768x566.png 768w, https:\/\/loja.saframax.com\/wp-content\/uploads\/2023\/05\/painelSM3X-1-e1683804035773-1536x1132.png 1536w, https:\/\/loja.saframax.com\/wp-content\/uploads\/2023\/05\/painelSM3X-1-e1683804035773-2048x1510.png 2048w\" sizes=\"(max-width: 1024px) 100vw, 1024px\" \/>\t\t\t\t\t\t\t\t\t\t\t\t\t\t\t<\/div>\n\t\t\t\t<\/div>\n\t\t\t\t\t<\/div>\n\t\t<\/div>\n\t\t\t\t<div class=\"elementor-column elementor-col-50 elementor-inner-column elementor-element elementor-element-1f929a7\" data-id=\"1f929a7\" data-element_type=\"column\">\n\t\t\t<div class=\"elementor-widget-wrap elementor-element-populated\">\n\t\t\t\t\t\t<div class=\"elementor-element elementor-element-f8077d8 flex-horizontal-align-default flex-horizontal-align-tablet-default flex-horizontal-align-mobile-default flex-vertical-align-default flex-vertical-align-tablet-default flex-vertical-align-mobile-default elementor-widget elementor-widget-text-editor\" data-id=\"f8077d8\" data-element_type=\"widget\" data-widget_type=\"text-editor.default\">\n\t\t\t\t<div class=\"elementor-widget-container\">\n\t\t\t\t\t\t\t\t\t\t\t\t<div class=\"elementor-text-editor elementor-clearfix\">\r\n\t\t\t\t\t\t<h4><strong>Caracter\u00edsticas:<\/strong><\/h4><ul><li>Monitoramento de fluxo de sementes<\/li><li>Informa\u00e7\u00f5es de linhas conectadas<\/li><li>Compat\u00edvel com FieldView (requer o m\u00f3dulo smartView)<\/li><li>Horas trabalhadas<\/li><li>Contagem de sementes (por linha e total)<\/li><li>Comparativo entre linhas (queda de sementes)<\/li><li>Sementes por metro (\u00e1rea plantada)<\/li><li>Hectar\u00edmetro (parcial e total)<\/li><li>Od\u00f4metro (dist\u00e2ncia linear percorrida)<\/li><li>Veloc\u00edmetro (monitora a velocidade do plantio)<\/li><li>Antena GPS Smart<\/li><li>Controle de pulverizadores de sulco Safrajet<\/li><li>Controle autom\u00e1tico de taxa de aplica\u00e7\u00e3o no sulco<\/li><\/ul>\t\t\t\t\t\t\t<\/div>\r\n\t\t\t\t\t\t\t\t\t\t<\/div>\n\t\t\t\t<\/div>\n\t\t\t\t\t<\/div>\n\t\t<\/div>\n\t\t\t\t\t<\/div><\/div>\r\n\t\t<\/section>\r\n\t\t\t\t\t<\/div>\n\t\t<\/div>\n\t\t\t\t\t<\/div><\/div>\r\n\t\t<\/main>\r\n\t\t<div class=\"elementor-element elementor-element-5797020 thegem-e-con-layout-thegem e-flex e-con-boxed e-con e-parent\" data-id=\"5797020\" data-element_type=\"container\" data-settings=\"{&quot;thegem_container_layout&quot;:&quot;thegem&quot;}\">\r\n\t\t\t\t\t<div class=\"e-con-inner\">\r\n\t\t\t\t<div class=\"elementor-element elementor-element-fb2d7c6 flex-horizontal-align-default flex-horizontal-align-tablet-default flex-horizontal-align-mobile-default flex-vertical-align-default flex-vertical-align-tablet-default flex-vertical-align-mobile-default elementor-widget elementor-widget-heading\" data-id=\"fb2d7c6\" data-element_type=\"widget\" data-widget_type=\"heading.default\">\n\t\t\t\t<div class=\"elementor-widget-container\">\n\t\t\t\t\t<h2 class=\"elementor-heading-title elementor-size-default\">Galeria de imagens<\/h2>\t\t\t\t<\/div>\n\t\t\t\t<\/div>\n\t\t\t\t\t<\/div>\n\t\t\t\t<\/div>\n\t\t<div class=\"elementor-element elementor-element-734e70b thegem-e-con-layout-thegem e-flex e-con-boxed e-con e-parent\" data-id=\"734e70b\" data-element_type=\"container\" data-settings=\"{&quot;thegem_container_layout&quot;:&quot;thegem&quot;}\">\r\n\t\t\t\t\t<div class=\"e-con-inner\">\r\n\t\t\t\t<div class=\"elementor-element elementor-element-fc52aa3 flex-horizontal-align-default flex-horizontal-align-tablet-default flex-horizontal-align-mobile-default flex-vertical-align-default flex-vertical-align-tablet-default flex-vertical-align-mobile-default elementor-widget elementor-widget-image-gallery\" data-id=\"fc52aa3\" data-element_type=\"widget\" data-widget_type=\"image-gallery.default\">\n\t\t\t\t<div class=\"elementor-widget-container\">\n\t\t\t\t\t\t\t<div class=\"elementor-image-gallery\">\n\t\t\t<div id='gallery-1' class='gallery galleryid-16808 gallery-columns-3 gallery-size-full'><figure class='gallery-item'>\n\t\t\t<div class='gallery-icon landscape'>\n\t\t\t\t<a data-elementor-open-lightbox=\"yes\" data-elementor-lightbox-slideshow=\"fc52aa3\" data-elementor-lightbox-title=\"sm3xg\" data-e-action-hash=\"#elementor-action%3Aaction%3Dlightbox%26settings%3DeyJpZCI6MTc4NDUsInVybCI6Imh0dHBzOlwvXC9sb2phLnNhZnJhbWF4LmNvbVwvd3AtY29udGVudFwvdXBsb2Fkc1wvMjAyNVwvMDhcL3NtM3hnLnBuZyIsInNsaWRlc2hvdyI6ImZjNTJhYTMifQ%3D%3D\" href='https:\/\/loja.saframax.com\/wp-content\/uploads\/2025\/08\/sm3xg.png'><img width=\"1920\" height=\"1920\" data-src=\"https:\/\/loja.saframax.com\/wp-content\/uploads\/2025\/08\/sm3xg.png\" class=\"attachment-full size-full lazyload\" alt=\"\" data-srcset=\"https:\/\/loja.saframax.com\/wp-content\/uploads\/2025\/08\/sm3xg.png 1920w, https:\/\/loja.saframax.com\/wp-content\/uploads\/2025\/08\/sm3xg-300x300.png 300w, https:\/\/loja.saframax.com\/wp-content\/uploads\/2025\/08\/sm3xg-1024x1024.png 1024w, https:\/\/loja.saframax.com\/wp-content\/uploads\/2025\/08\/sm3xg-150x150.png 150w, https:\/\/loja.saframax.com\/wp-content\/uploads\/2025\/08\/sm3xg-768x768.png 768w, https:\/\/loja.saframax.com\/wp-content\/uploads\/2025\/08\/sm3xg-1536x1536.png 1536w, https:\/\/loja.saframax.com\/wp-content\/uploads\/2025\/08\/sm3xg-256x256.png 256w\" data-sizes=\"(max-width: 1920px) 100vw, 1920px\" src=\"data:image\/svg+xml;base64,PHN2ZyB3aWR0aD0iMSIgaGVpZ2h0PSIxIiB4bWxucz0iaHR0cDovL3d3dy53My5vcmcvMjAwMC9zdmciPjwvc3ZnPg==\" style=\"--smush-placeholder-width: 1920px; --smush-placeholder-aspect-ratio: 1920\/1920;\" \/><\/a>\n\t\t\t<\/div><\/figure><figure class='gallery-item'>\n\t\t\t<div class='gallery-icon landscape'>\n\t\t\t\t<a data-elementor-open-lightbox=\"yes\" data-elementor-lightbox-slideshow=\"fc52aa3\" data-elementor-lightbox-title=\"sm3xf\" data-e-action-hash=\"#elementor-action%3Aaction%3Dlightbox%26settings%3DeyJpZCI6MTc4NDQsInVybCI6Imh0dHBzOlwvXC9sb2phLnNhZnJhbWF4LmNvbVwvd3AtY29udGVudFwvdXBsb2Fkc1wvMjAyNVwvMDhcL3NtM3hmLnBuZyIsInNsaWRlc2hvdyI6ImZjNTJhYTMifQ%3D%3D\" href='https:\/\/loja.saframax.com\/wp-content\/uploads\/2025\/08\/sm3xf.png'><img width=\"1920\" height=\"1920\" data-src=\"https:\/\/loja.saframax.com\/wp-content\/uploads\/2025\/08\/sm3xf.png\" class=\"attachment-full size-full lazyload\" alt=\"\" data-srcset=\"https:\/\/loja.saframax.com\/wp-content\/uploads\/2025\/08\/sm3xf.png 1920w, https:\/\/loja.saframax.com\/wp-content\/uploads\/2025\/08\/sm3xf-300x300.png 300w, https:\/\/loja.saframax.com\/wp-content\/uploads\/2025\/08\/sm3xf-1024x1024.png 1024w, https:\/\/loja.saframax.com\/wp-content\/uploads\/2025\/08\/sm3xf-150x150.png 150w, https:\/\/loja.saframax.com\/wp-content\/uploads\/2025\/08\/sm3xf-768x768.png 768w, https:\/\/loja.saframax.com\/wp-content\/uploads\/2025\/08\/sm3xf-1536x1536.png 1536w, https:\/\/loja.saframax.com\/wp-content\/uploads\/2025\/08\/sm3xf-256x256.png 256w\" data-sizes=\"(max-width: 1920px) 100vw, 1920px\" src=\"data:image\/svg+xml;base64,PHN2ZyB3aWR0aD0iMSIgaGVpZ2h0PSIxIiB4bWxucz0iaHR0cDovL3d3dy53My5vcmcvMjAwMC9zdmciPjwvc3ZnPg==\" style=\"--smush-placeholder-width: 1920px; --smush-placeholder-aspect-ratio: 1920\/1920;\" \/><\/a>\n\t\t\t<\/div><\/figure><figure class='gallery-item'>\n\t\t\t<div class='gallery-icon landscape'>\n\t\t\t\t<a data-elementor-open-lightbox=\"yes\" data-elementor-lightbox-slideshow=\"fc52aa3\" data-elementor-lightbox-title=\"sm3xe\" data-e-action-hash=\"#elementor-action%3Aaction%3Dlightbox%26settings%3DeyJpZCI6MTc4NDMsInVybCI6Imh0dHBzOlwvXC9sb2phLnNhZnJhbWF4LmNvbVwvd3AtY29udGVudFwvdXBsb2Fkc1wvMjAyNVwvMDhcL3NtM3hlLnBuZyIsInNsaWRlc2hvdyI6ImZjNTJhYTMifQ%3D%3D\" href='https:\/\/loja.saframax.com\/wp-content\/uploads\/2025\/08\/sm3xe.png'><img width=\"1920\" height=\"1920\" data-src=\"https:\/\/loja.saframax.com\/wp-content\/uploads\/2025\/08\/sm3xe.png\" class=\"attachment-full size-full lazyload\" alt=\"\" data-srcset=\"https:\/\/loja.saframax.com\/wp-content\/uploads\/2025\/08\/sm3xe.png 1920w, https:\/\/loja.saframax.com\/wp-content\/uploads\/2025\/08\/sm3xe-300x300.png 300w, https:\/\/loja.saframax.com\/wp-content\/uploads\/2025\/08\/sm3xe-1024x1024.png 1024w, https:\/\/loja.saframax.com\/wp-content\/uploads\/2025\/08\/sm3xe-150x150.png 150w, https:\/\/loja.saframax.com\/wp-content\/uploads\/2025\/08\/sm3xe-768x768.png 768w, https:\/\/loja.saframax.com\/wp-content\/uploads\/2025\/08\/sm3xe-1536x1536.png 1536w, https:\/\/loja.saframax.com\/wp-content\/uploads\/2025\/08\/sm3xe-256x256.png 256w\" data-sizes=\"(max-width: 1920px) 100vw, 1920px\" src=\"data:image\/svg+xml;base64,PHN2ZyB3aWR0aD0iMSIgaGVpZ2h0PSIxIiB4bWxucz0iaHR0cDovL3d3dy53My5vcmcvMjAwMC9zdmciPjwvc3ZnPg==\" style=\"--smush-placeholder-width: 1920px; --smush-placeholder-aspect-ratio: 1920\/1920;\" \/><\/a>\n\t\t\t<\/div><\/figure><figure class='gallery-item'>\n\t\t\t<div class='gallery-icon landscape'>\n\t\t\t\t<a data-elementor-open-lightbox=\"yes\" data-elementor-lightbox-slideshow=\"fc52aa3\" data-elementor-lightbox-title=\"sm3xd\" data-e-action-hash=\"#elementor-action%3Aaction%3Dlightbox%26settings%3DeyJpZCI6MTc4NDIsInVybCI6Imh0dHBzOlwvXC9sb2phLnNhZnJhbWF4LmNvbVwvd3AtY29udGVudFwvdXBsb2Fkc1wvMjAyNVwvMDhcL3NtM3hkLnBuZyIsInNsaWRlc2hvdyI6ImZjNTJhYTMifQ%3D%3D\" href='https:\/\/loja.saframax.com\/wp-content\/uploads\/2025\/08\/sm3xd.png'><img width=\"1920\" height=\"1920\" data-src=\"https:\/\/loja.saframax.com\/wp-content\/uploads\/2025\/08\/sm3xd.png\" class=\"attachment-full size-full lazyload\" alt=\"\" data-srcset=\"https:\/\/loja.saframax.com\/wp-content\/uploads\/2025\/08\/sm3xd.png 1920w, https:\/\/loja.saframax.com\/wp-content\/uploads\/2025\/08\/sm3xd-300x300.png 300w, https:\/\/loja.saframax.com\/wp-content\/uploads\/2025\/08\/sm3xd-1024x1024.png 1024w, https:\/\/loja.saframax.com\/wp-content\/uploads\/2025\/08\/sm3xd-150x150.png 150w, https:\/\/loja.saframax.com\/wp-content\/uploads\/2025\/08\/sm3xd-768x768.png 768w, https:\/\/loja.saframax.com\/wp-content\/uploads\/2025\/08\/sm3xd-1536x1536.png 1536w, https:\/\/loja.saframax.com\/wp-content\/uploads\/2025\/08\/sm3xd-256x256.png 256w\" data-sizes=\"(max-width: 1920px) 100vw, 1920px\" src=\"data:image\/svg+xml;base64,PHN2ZyB3aWR0aD0iMSIgaGVpZ2h0PSIxIiB4bWxucz0iaHR0cDovL3d3dy53My5vcmcvMjAwMC9zdmciPjwvc3ZnPg==\" style=\"--smush-placeholder-width: 1920px; --smush-placeholder-aspect-ratio: 1920\/1920;\" \/><\/a>\n\t\t\t<\/div><\/figure><figure class='gallery-item'>\n\t\t\t<div class='gallery-icon landscape'>\n\t\t\t\t<a data-elementor-open-lightbox=\"yes\" data-elementor-lightbox-slideshow=\"fc52aa3\" data-elementor-lightbox-title=\"sm3xc\" data-e-action-hash=\"#elementor-action%3Aaction%3Dlightbox%26settings%3DeyJpZCI6MTc4NDEsInVybCI6Imh0dHBzOlwvXC9sb2phLnNhZnJhbWF4LmNvbVwvd3AtY29udGVudFwvdXBsb2Fkc1wvMjAyNVwvMDhcL3NtM3hjLnBuZyIsInNsaWRlc2hvdyI6ImZjNTJhYTMifQ%3D%3D\" href='https:\/\/loja.saframax.com\/wp-content\/uploads\/2025\/08\/sm3xc.png'><img width=\"1920\" height=\"1920\" data-src=\"https:\/\/loja.saframax.com\/wp-content\/uploads\/2025\/08\/sm3xc.png\" class=\"attachment-full size-full lazyload\" alt=\"\" data-srcset=\"https:\/\/loja.saframax.com\/wp-content\/uploads\/2025\/08\/sm3xc.png 1920w, https:\/\/loja.saframax.com\/wp-content\/uploads\/2025\/08\/sm3xc-300x300.png 300w, https:\/\/loja.saframax.com\/wp-content\/uploads\/2025\/08\/sm3xc-1024x1024.png 1024w, https:\/\/loja.saframax.com\/wp-content\/uploads\/2025\/08\/sm3xc-150x150.png 150w, https:\/\/loja.saframax.com\/wp-content\/uploads\/2025\/08\/sm3xc-768x768.png 768w, https:\/\/loja.saframax.com\/wp-content\/uploads\/2025\/08\/sm3xc-1536x1536.png 1536w, https:\/\/loja.saframax.com\/wp-content\/uploads\/2025\/08\/sm3xc-256x256.png 256w\" data-sizes=\"(max-width: 1920px) 100vw, 1920px\" src=\"data:image\/svg+xml;base64,PHN2ZyB3aWR0aD0iMSIgaGVpZ2h0PSIxIiB4bWxucz0iaHR0cDovL3d3dy53My5vcmcvMjAwMC9zdmciPjwvc3ZnPg==\" style=\"--smush-placeholder-width: 1920px; --smush-placeholder-aspect-ratio: 1920\/1920;\" \/><\/a>\n\t\t\t<\/div><\/figure><figure class='gallery-item'>\n\t\t\t<div class='gallery-icon landscape'>\n\t\t\t\t<a data-elementor-open-lightbox=\"yes\" data-elementor-lightbox-slideshow=\"fc52aa3\" data-elementor-lightbox-title=\"sm3xb\" data-e-action-hash=\"#elementor-action%3Aaction%3Dlightbox%26settings%3DeyJpZCI6MTc4NDAsInVybCI6Imh0dHBzOlwvXC9sb2phLnNhZnJhbWF4LmNvbVwvd3AtY29udGVudFwvdXBsb2Fkc1wvMjAyNVwvMDhcL3NtM3hiLnBuZyIsInNsaWRlc2hvdyI6ImZjNTJhYTMifQ%3D%3D\" href='https:\/\/loja.saframax.com\/wp-content\/uploads\/2025\/08\/sm3xb.png'><img width=\"1920\" height=\"1920\" data-src=\"https:\/\/loja.saframax.com\/wp-content\/uploads\/2025\/08\/sm3xb.png\" class=\"attachment-full size-full lazyload\" alt=\"\" data-srcset=\"https:\/\/loja.saframax.com\/wp-content\/uploads\/2025\/08\/sm3xb.png 1920w, https:\/\/loja.saframax.com\/wp-content\/uploads\/2025\/08\/sm3xb-300x300.png 300w, https:\/\/loja.saframax.com\/wp-content\/uploads\/2025\/08\/sm3xb-1024x1024.png 1024w, https:\/\/loja.saframax.com\/wp-content\/uploads\/2025\/08\/sm3xb-150x150.png 150w, https:\/\/loja.saframax.com\/wp-content\/uploads\/2025\/08\/sm3xb-768x768.png 768w, https:\/\/loja.saframax.com\/wp-content\/uploads\/2025\/08\/sm3xb-1536x1536.png 1536w, https:\/\/loja.saframax.com\/wp-content\/uploads\/2025\/08\/sm3xb-256x256.png 256w\" data-sizes=\"(max-width: 1920px) 100vw, 1920px\" src=\"data:image\/svg+xml;base64,PHN2ZyB3aWR0aD0iMSIgaGVpZ2h0PSIxIiB4bWxucz0iaHR0cDovL3d3dy53My5vcmcvMjAwMC9zdmciPjwvc3ZnPg==\" style=\"--smush-placeholder-width: 1920px; --smush-placeholder-aspect-ratio: 1920\/1920;\" \/><\/a>\n\t\t\t<\/div><\/figure><figure class='gallery-item'>\n\t\t\t<div class='gallery-icon landscape'>\n\t\t\t\t<a data-elementor-open-lightbox=\"yes\" data-elementor-lightbox-slideshow=\"fc52aa3\" data-elementor-lightbox-title=\"sm3xa\" data-e-action-hash=\"#elementor-action%3Aaction%3Dlightbox%26settings%3DeyJpZCI6MTc4MzksInVybCI6Imh0dHBzOlwvXC9sb2phLnNhZnJhbWF4LmNvbVwvd3AtY29udGVudFwvdXBsb2Fkc1wvMjAyNVwvMDhcL3NtM3hhLnBuZyIsInNsaWRlc2hvdyI6ImZjNTJhYTMifQ%3D%3D\" href='https:\/\/loja.saframax.com\/wp-content\/uploads\/2025\/08\/sm3xa.png'><img width=\"1920\" height=\"1920\" data-src=\"https:\/\/loja.saframax.com\/wp-content\/uploads\/2025\/08\/sm3xa.png\" class=\"attachment-full size-full lazyload\" alt=\"\" data-srcset=\"https:\/\/loja.saframax.com\/wp-content\/uploads\/2025\/08\/sm3xa.png 1920w, https:\/\/loja.saframax.com\/wp-content\/uploads\/2025\/08\/sm3xa-300x300.png 300w, https:\/\/loja.saframax.com\/wp-content\/uploads\/2025\/08\/sm3xa-1024x1024.png 1024w, https:\/\/loja.saframax.com\/wp-content\/uploads\/2025\/08\/sm3xa-150x150.png 150w, https:\/\/loja.saframax.com\/wp-content\/uploads\/2025\/08\/sm3xa-768x768.png 768w, https:\/\/loja.saframax.com\/wp-content\/uploads\/2025\/08\/sm3xa-1536x1536.png 1536w, https:\/\/loja.saframax.com\/wp-content\/uploads\/2025\/08\/sm3xa-256x256.png 256w\" data-sizes=\"(max-width: 1920px) 100vw, 1920px\" src=\"data:image\/svg+xml;base64,PHN2ZyB3aWR0aD0iMSIgaGVpZ2h0PSIxIiB4bWxucz0iaHR0cDovL3d3dy53My5vcmcvMjAwMC9zdmciPjwvc3ZnPg==\" style=\"--smush-placeholder-width: 1920px; --smush-placeholder-aspect-ratio: 1920\/1920;\" \/><\/a>\n\t\t\t<\/div><\/figure>\n\t\t<\/div>\n\t\t<\/div>\n\t\t\t\t\t\t<\/div>\n\t\t\t\t<\/div>\n\t\t\t\t\t<\/div>\n\t\t\t\t<\/div>\n\t\t\t\t<\/div>\n\t\t","protected":false},"excerpt":{"rendered":"<p>CENTRAIS DE PLANTIO SM3X Central de plantio SM3X Melhor custo-benef\u00edcio da categoria, oferece solu\u00e7\u00f5es altamente direcionadas e personalizadas para cada&#8230;<\/p>\n","protected":false},"author":1,"featured_media":0,"parent":0,"menu_order":-1,"comment_status":"closed","ping_status":"closed","template":"page-fullwidth.php","meta":{"footnotes":""},"class_list":["post-16808","page","type-page","status-publish"],"_links":{"self":[{"href":"https:\/\/loja.saframax.com\/index.php?rest_route=\/wp\/v2\/pages\/16808","targetHints":{"allow":["GET"]}}],"collection":[{"href":"https:\/\/loja.saframax.com\/index.php?rest_route=\/wp\/v2\/pages"}],"about":[{"href":"https:\/\/loja.saframax.com\/index.php?rest_route=\/wp\/v2\/types\/page"}],"author":[{"embeddable":true,"href":"https:\/\/loja.saframax.com\/index.php?rest_route=\/wp\/v2\/users\/1"}],"replies":[{"embeddable":true,"href":"https:\/\/loja.saframax.com\/index.php?rest_route=%2Fwp%2Fv2%2Fcomments&post=16808"}],"version-history":[{"count":36,"href":"https:\/\/loja.saframax.com\/index.php?rest_route=\/wp\/v2\/pages\/16808\/revisions"}],"predecessor-version":[{"id":18219,"href":"https:\/\/loja.saframax.com\/index.php?rest_route=\/wp\/v2\/pages\/16808\/revisions\/18219"}],"wp:attachment":[{"href":"https:\/\/loja.saframax.com\/index.php?rest_route=%2Fwp%2Fv2%2Fmedia&parent=16808"}],"curies":[{"name":"wp","href":"https:\/\/api.w.org\/{rel}","templated":true}]}}